{"id":17,"date":"2018-12-07T10:10:41","date_gmt":"2018-12-07T09:10:41","guid":{"rendered":"http:\/\/www.cousimbertical.ch\/?page_id=17"},"modified":"2025-09-02T09:56:27","modified_gmt":"2025-09-02T07:56:27","slug":"photos","status":"publish","type":"page","link":"https:\/\/www.cousimbertical.ch\/?page_id=17","title":{"rendered":"photos"},"content":{"rendered":"\r\n<p>2025<\/p>\r\n<p><a href=\"https:\/\/photos.app.goo.gl\/Bt9tzXLqMkVckAZE7\">Retrouve toutes les photos de l&#8217;\u00e9dition 2025 ici<\/a><\/p>\r\n<p>2024<\/p>\r\n<p><a href=\"https:\/\/photos.app.goo.gl\/AYcyzvy4uk6a6H11A\">Retrouve toutes les photos de l&#8217;\u00e9dition 2024 ici<\/a><\/p>\r\n<p>2023<\/p>\r\n<p><a href=\"https:\/\/photos.app.goo.gl\/zqtwLV5enoHL5yCX6\">Retrouve toutes les photos de l&#8217;\u00e9dition 2023 ici<\/a><\/p>\r\n<p>2022<\/p>\r\n<p><a href=\"https:\/\/photos.app.goo.gl\/QY5aqArzrKriuTSTA\">Retrouve toutes les photos de l&#8217;\u00e9dition 2022 ici<\/a><\/p>\r\n<p>&nbsp;<\/p>\r\n<p>2019<\/p>\r\n\r\n\r\n\r\nngg_shortcode_0_placeholder\r\n\r\n\r\n\r\nngg_shortcode_1_placeholder\r\n\r\n\r\n\r\n<figure class=\"wp-block-embed-youtube wp-block-embed is-type-video is-provider-youtube wp-embed-aspect-16-9 wp-has-aspect-ratio\">\r\n<div class=\"wp-block-embed__wrapper\">https:\/\/youtu.be\/FXQGw1HXt_U<\/div>\r\n<\/figure>\r\n","protected":false},"excerpt":{"rendered":"<p>2025 Retrouve toutes les photos de l&#8217;\u00e9dition 2025 ici 2024 Retrouve toutes les photos de l&#8217;\u00e9dition 2024 ici 2023 Retrouve toutes les photos de l&#8217;\u00e9dition 2023 ici 2022 Retrouve toutes les photos de l&#8217;\u00e9dition 2022 ici &nbsp; 2019<\/p>\n","protected":false},"author":2,"featured_media":0,"parent":0,"menu_order":0,"comment_status":"closed","ping_status":"open","template":"","meta":{"ngg_post_thumbnail":0,"footnotes":""},"class_list":["post-17","page","type-page","status-publish","hentry"],"_links":{"self":[{"href":"https:\/\/www.cousimbertical.ch\/index.php?rest_route=\/wp\/v2\/pages\/17","targetHints":{"allow":["GET"]}}],"collection":[{"href":"https:\/\/www.cousimbertical.ch\/index.php?rest_route=\/wp\/v2\/pages"}],"about":[{"href":"https:\/\/www.cousimbertical.ch\/index.php?rest_route=\/wp\/v2\/types\/page"}],"author":[{"embeddable":true,"href":"https:\/\/www.cousimbertical.ch\/index.php?rest_route=\/wp\/v2\/users\/2"}],"replies":[{"embeddable":true,"href":"https:\/\/www.cousimbertical.ch\/index.php?rest_route=%2Fwp%2Fv2%2Fcomments&post=17"}],"version-history":[{"count":12,"href":"https:\/\/www.cousimbertical.ch\/index.php?rest_route=\/wp\/v2\/pages\/17\/revisions"}],"predecessor-version":[{"id":8180,"href":"https:\/\/www.cousimbertical.ch\/index.php?rest_route=\/wp\/v2\/pages\/17\/revisions\/8180"}],"wp:attachment":[{"href":"https:\/\/www.cousimbertical.ch\/index.php?rest_route=%2Fwp%2Fv2%2Fmedia&parent=17"}],"curies":[{"name":"wp","href":"https:\/\/api.w.org\/{rel}","templated":true}]}}