{"id":27,"date":"2018-12-07T10:13:17","date_gmt":"2018-12-07T09:13:17","guid":{"rendered":"http:\/\/www.cousimbertical.ch\/?page_id=27"},"modified":"2023-08-25T15:03:41","modified_gmt":"2023-08-25T13:03:41","slug":"inscriptions","status":"publish","type":"page","link":"https:\/\/www.cousimbertical.ch\/?page_id=27","title":{"rendered":"inscriptions"},"content":{"rendered":"\r\n<form action=\"\/index.php?rest_route=%2Fwp%2Fv2%2Fpages%2F27\" method=\"post\"><p>Titre<br\/><select name=\"cf-gender\"><option value=\"f\">Mme<\/option><option value=\"m\">Mr<\/option><\/select><\/p><p>pr\u00e9nom<br\/><input type=\"text\" name=\"cf-firstname\" value=\"\" size=\"40\" \/><\/p><p>nom<br\/><input type=\"text\" name=\"cf-lastname\" value=\"\" size=\"40\" \/><\/p><p>adresse<br\/><input type=\"text\" name=\"cf-address\" value=\"\" size=\"40\" \/><\/p><p>num\u00e9ro postal<br\/><input type=\"text\" name=\"cf-postalcode\" value=\"\" size=\"40\" \/><\/p><p>localit\u00e9<br\/><input type=\"text\" name=\"cf-city\" value=\"\" size=\"40\" \/><\/p><p>t\u00e9l\u00e9phone <br\/><input type=\"text\" name=\"cf-phone\" value=\"\" size=\"40\" \/><\/p><p>email<br\/><input type=\"email\" name=\"cf-email\" value=\"\" size=\"40\" \/><\/p><p>ann\u00e9e de naissance <br\/><input type=\"text\" name=\"cf-birthdate\" pattern=\"[0-9]+\" value=\"\" size=\"40\" \/><\/p><p>cat\u00e9gorie (junior : n\u00e9 en 2008 ou apr\u00e8s)<br\/><select name=\"cf-category\">\n\t\t\t\t\t<option>senior homme<\/option>\n\t\t\t\t\t<option>junior homme<\/option>\n\t\t\t\t\t<option>senior femme<\/option>\n\t\t\t\t\t<option>junior femme<\/option>\n\t\t\t\t\t<option>populaire<\/option>\n\t\t\t\t<\/select><\/p><p>contr\u00f4le <i>(i'm not a robot)<\/i> : r\u00e9sultat de l'addition : 1 + 6 <br\/><input type=\"text\" name=\"cf-check\" pattern=\"[0-9]+\" value=\"\" size=\"5\" \/><input type=\"hidden\" name=\"cf-checkresult\" value=\"7\"><input type=\"submit\" name=\"cf-submitted\" value=\"Send\"><\/p><\/form>\r\n\r\n\r\n<!--Les inscriptions en ligne ne sont plus disponibles, veuillez vous inscrire demain sur place ! (de 9:00 \u00e0 10:00)-->\r\n\r\n\r\n<p>&nbsp;<\/p>\r\n\r\n<p>&nbsp;<\/p>\r\n\r\n<p>Prix : 35.- (repas et prix souvenir compris), \u00e0 payer sur :<\/p>\r\n<p>IBAN CH33 0076 8300 1658 9410 7 (Banque cantonale de Fribourg)<\/p>\r\n<p>ou<\/p>\r\n<p><img loading=\"lazy\" decoding=\"async\" class=\"alignnone size-full wp-image-685\" src=\"https:\/\/www.cousimbertical.ch\/wp-content\/uploads\/2023\/08\/WhatsApp-Image-2023-08-14-at-14.44.04.jpeg\" alt=\"\" width=\"260\" height=\"264\"><\/p>\r\n<p>&nbsp;<\/p>\r\n<p>Cousimbert\u2018ical<br>Bongard Jonathan<br>Route de Fribourg 82<br>1725 Posieux<\/p>\r\n","protected":false},"excerpt":{"rendered":"<p>&nbsp; &nbsp; Prix : 35.- (repas et prix souvenir compris), \u00e0 payer sur : IBAN CH33 0076 8300 1658 9410 7 (Banque cantonale de Fribourg) ou &nbsp; Cousimbert\u2018icalBongard JonathanRoute de Fribourg 821725 Posieux<\/p>\n","protected":false},"author":2,"featured_media":0,"parent":0,"menu_order":0,"comment_status":"closed","ping_status":"open","template":"","meta":{"ngg_post_thumbnail":0,"footnotes":""},"class_list":["post-27","page","type-page","status-publish","hentry"],"_links":{"self":[{"href":"https:\/\/www.cousimbertical.ch\/index.php?rest_route=\/wp\/v2\/pages\/27","targetHints":{"allow":["GET"]}}],"collection":[{"href":"https:\/\/www.cousimbertical.ch\/index.php?rest_route=\/wp\/v2\/pages"}],"about":[{"href":"https:\/\/www.cousimbertical.ch\/index.php?rest_route=\/wp\/v2\/types\/page"}],"author":[{"embeddable":true,"href":"https:\/\/www.cousimbertical.ch\/index.php?rest_route=\/wp\/v2\/users\/2"}],"replies":[{"embeddable":true,"href":"https:\/\/www.cousimbertical.ch\/index.php?rest_route=%2Fwp%2Fv2%2Fcomments&post=27"}],"version-history":[{"count":25,"href":"https:\/\/www.cousimbertical.ch\/index.php?rest_route=\/wp\/v2\/pages\/27\/revisions"}],"predecessor-version":[{"id":686,"href":"https:\/\/www.cousimbertical.ch\/index.php?rest_route=\/wp\/v2\/pages\/27\/revisions\/686"}],"wp:attachment":[{"href":"https:\/\/www.cousimbertical.ch\/index.php?rest_route=%2Fwp%2Fv2%2Fmedia&parent=27"}],"curies":[{"name":"wp","href":"https:\/\/api.w.org\/{rel}","templated":true}]}}