{"id":30,"date":"2018-12-07T10:14:10","date_gmt":"2018-12-07T09:14:10","guid":{"rendered":"http:\/\/www.cousimbertical.ch\/?page_id=30"},"modified":"2026-04-21T10:25:34","modified_gmt":"2026-04-21T08:25:34","slug":"infos","status":"publish","type":"page","link":"https:\/\/www.cousimbertical.ch\/?page_id=30","title":{"rendered":"infos"},"content":{"rendered":"\r\n<p>Date : 29 ao\u00fbt 2026<\/p>\r\n\r\n\r\n\r\n<p>La course est ouverte \u00e0 toutes les personnes de plus de 14 ans.<br>Les enfants de moins de 14 ans peuvent y prendre part si ils sont accompagn\u00e9s d&#8217;un adulte.<\/p>\r\n\r\n\r\n\r\n\r\n\r\n<p>La course est limit\u00e9e \u00e0 100 participants<\/p>\r\n<p>Le <strong>prix est de 35.-<\/strong>&nbsp; sur l&#8217; IBAN CH33 0076 8300 1658 9410 7 (Banque cantonale de Fribourg), Cousimbert\u2018ical, Bongard Jonathan, Route de Fribourg 82, 1725 Posieux et inclut un prix souvenir et un repas au sommet !<\/p>\r\n\r\n\r\n\r\n<p>Les <a href=\"https:\/\/www.cousimbertical.ch\/?page_id=27\">inscriptions se font par internet<\/a> ou sur place le jour de la course selon places restantes. <br>Un suppl\u00e9ment de <strong>5 CHF<\/strong> sera per\u00e7u pour les inscriptions et paiements sur place<\/p>\r\n\r\n\r\n\r\n<p>Les<strong> b\u00e2tons sont autoris\u00e9s<\/strong><\/p>\r\n\r\n\r\n\r\n<p>Deux cat\u00e9gories :<strong> populaires et coureurs<\/strong><\/p>\r\n<p>Attention, les populaires sont chronom\u00e9tr\u00e9s mais ne sont pas class\u00e9s<\/p>\r\n\r\n\r\n\r\n<p>Deux d\u00e9parts en ligne : <strong>10:30 pour les populaires et 11:00 pour les coureurs<\/strong><\/p>\r\n\r\n\r\n\r\n<p>Chaque participant re\u00e7oit un prix souvenir, et les 3 premiers de chaque cat\u00e9gorie seront aussi r\u00e9compens\u00e9s !<\/p>\r\n\r\n\r\n\r\n<p>Un ravitaillement vous attend au sommet<\/p>\r\n\r\n\r\n\r\n<p>Le transport d&#8217;un sac jusqu&#8217;\u00e0 l&#8217;arriv\u00e9e est pr\u00e9vu (\u00e9viter les objets de valeur)<\/p>\r\n\r\n\r\n\r\n<p>Les places de parc seront signal\u00e9es, mais limit\u00e9es pensez donc \u00e0 co-voiturer<\/p>\r\n\r\n\r\n\r\n<p>Nous aimons la nature et y tenons, faites donc attention \u00e0 ne pas laisser tomber des d\u00e9chet de vos poches !<\/p>\r\n\r\n\r\n\r\n<p>Les participants qui abandonnent sont pri\u00e9s d&#8217;avertir les organisateurs de la course !<\/p>\r\n\r\n\r\n\r\n<p>Le retour au d\u00e9part se fait par le m\u00eame sentier qu&#8217;\u00e0 la mont\u00e9e. attention aux croisements !<\/p>\r\n\r\n\r\n\r\n<p><strong>D\u00e9part de la course :<\/strong><\/p>\r\n\r\n\r\n\r\n<p><iframe loading=\"lazy\" style=\"border: 0;\" src=\"https:\/\/www.google.com\/maps\/embed?pb=!1m18!1m12!1m3!1d3179.9640761025826!2d7.161148434644016!3d46.714616990683226!2m3!1f0!2f0!3f0!3m2!1i1024!2i768!4f13.1!3m3!1m2!1s0x0%3A0x0!2zNDbCsDQyJzUyLjYiTiA3wrAwOSc0NS40IkU!5e1!3m2!1sfr!2sch!4v1549707734478\" width=\"600\" height=\"450\" frameborder=\"0\" allowfullscreen=\"allowfullscreen\"><\/iframe><\/p>\r\n","protected":false},"excerpt":{"rendered":"<p>Date : 29 ao\u00fbt 2026 La course est ouverte \u00e0 toutes les personnes de plus de 14 ans.Les enfants de moins de 14 ans peuvent y prendre part si ils sont accompagn\u00e9s d&#8217;un adulte. La course est limit\u00e9e \u00e0 100 participants Le prix est de 35.-&nbsp; sur l&#8217; IBAN CH33 0076 8300 1658 9410 7 &hellip; <\/p>\n<p class=\"link-more\"><a href=\"https:\/\/www.cousimbertical.ch\/?page_id=30\" class=\"more-link\">Continue reading<span class=\"screen-reader-text\"> &#8220;infos&#8221;<\/span><\/a><\/p>\n","protected":false},"author":2,"featured_media":0,"parent":0,"menu_order":0,"comment_status":"closed","ping_status":"closed","template":"","meta":{"ngg_post_thumbnail":0,"footnotes":""},"class_list":["post-30","page","type-page","status-publish","hentry"],"_links":{"self":[{"href":"https:\/\/www.cousimbertical.ch\/index.php?rest_route=\/wp\/v2\/pages\/30","targetHints":{"allow":["GET"]}}],"collection":[{"href":"https:\/\/www.cousimbertical.ch\/index.php?rest_route=\/wp\/v2\/pages"}],"about":[{"href":"https:\/\/www.cousimbertical.ch\/index.php?rest_route=\/wp\/v2\/types\/page"}],"author":[{"embeddable":true,"href":"https:\/\/www.cousimbertical.ch\/index.php?rest_route=\/wp\/v2\/users\/2"}],"replies":[{"embeddable":true,"href":"https:\/\/www.cousimbertical.ch\/index.php?rest_route=%2Fwp%2Fv2%2Fcomments&post=30"}],"version-history":[{"count":41,"href":"https:\/\/www.cousimbertical.ch\/index.php?rest_route=\/wp\/v2\/pages\/30\/revisions"}],"predecessor-version":[{"id":8183,"href":"https:\/\/www.cousimbertical.ch\/index.php?rest_route=\/wp\/v2\/pages\/30\/revisions\/8183"}],"wp:attachment":[{"href":"https:\/\/www.cousimbertical.ch\/index.php?rest_route=%2Fwp%2Fv2%2Fmedia&parent=30"}],"curies":[{"name":"wp","href":"https:\/\/api.w.org\/{rel}","templated":true}]}}