{"id":34,"date":"2018-12-07T10:15:23","date_gmt":"2018-12-07T09:15:23","guid":{"rendered":"http:\/\/www.cousimbertical.ch\/?page_id=34"},"modified":"2024-09-05T10:32:48","modified_gmt":"2024-09-05T08:32:48","slug":"programme","status":"publish","type":"page","link":"https:\/\/www.cousimbertical.ch\/?page_id=34","title":{"rendered":"programme"},"content":{"rendered":"\r\n<p>d\u00e8s 9:00 : inscriptions et retrait des dossards<\/p>\r\n\r\n\r\n\r\n<p>10:00 : fin des inscriptions et retrait des dossards<\/p>\r\n\r\n\r\n\r\n<p>10:15 : dernier d\u00e9lai pour d\u00e9poser un sac<\/p>\r\n\r\n\r\n\r\n<p>10:30 : d\u00e9part de la cat\u00e9gorie populaires<\/p>\r\n\r\n\r\n\r\n<p>11:00 : d\u00e9part de la cat\u00e9gorie coureurs<\/p>\r\n\r\n\r\n\r\n<p>d\u00e8s 11:30 : arriv\u00e9e des athl\u00e8tes au sommet, repas<\/p>\r\n\r\n\r\n\r\n<p>14:00 : remise des r\u00e9sultats au sommet<\/p>\r\n","protected":false},"excerpt":{"rendered":"<p>d\u00e8s 9:00 : inscriptions et retrait des dossards 10:00 : fin des inscriptions et retrait des dossards 10:15 : dernier d\u00e9lai pour d\u00e9poser un sac 10:30 : d\u00e9part de la cat\u00e9gorie populaires 11:00 : d\u00e9part de la cat\u00e9gorie coureurs d\u00e8s 11:30 : arriv\u00e9e des athl\u00e8tes au sommet, repas 14:00 : remise des r\u00e9sultats au sommet<\/p>\n","protected":false},"author":2,"featured_media":0,"parent":0,"menu_order":0,"comment_status":"closed","ping_status":"closed","template":"","meta":{"ngg_post_thumbnail":0,"footnotes":""},"class_list":["post-34","page","type-page","status-publish","hentry"],"_links":{"self":[{"href":"https:\/\/www.cousimbertical.ch\/index.php?rest_route=\/wp\/v2\/pages\/34","targetHints":{"allow":["GET"]}}],"collection":[{"href":"https:\/\/www.cousimbertical.ch\/index.php?rest_route=\/wp\/v2\/pages"}],"about":[{"href":"https:\/\/www.cousimbertical.ch\/index.php?rest_route=\/wp\/v2\/types\/page"}],"author":[{"embeddable":true,"href":"https:\/\/www.cousimbertical.ch\/index.php?rest_route=\/wp\/v2\/users\/2"}],"replies":[{"embeddable":true,"href":"https:\/\/www.cousimbertical.ch\/index.php?rest_route=%2Fwp%2Fv2%2Fcomments&post=34"}],"version-history":[{"count":12,"href":"https:\/\/www.cousimbertical.ch\/index.php?rest_route=\/wp\/v2\/pages\/34\/revisions"}],"predecessor-version":[{"id":755,"href":"https:\/\/www.cousimbertical.ch\/index.php?rest_route=\/wp\/v2\/pages\/34\/revisions\/755"}],"wp:attachment":[{"href":"https:\/\/www.cousimbertical.ch\/index.php?rest_route=%2Fwp%2Fv2%2Fmedia&parent=34"}],"curies":[{"name":"wp","href":"https:\/\/api.w.org\/{rel}","templated":true}]}}