{"id":45,"date":"2018-12-07T10:19:52","date_gmt":"2018-12-07T09:19:52","guid":{"rendered":"http:\/\/www.cousimbertical.ch\/?page_id=45"},"modified":"2022-08-17T16:33:33","modified_gmt":"2022-08-17T14:33:33","slug":"parcours","status":"publish","type":"page","link":"https:\/\/www.cousimbertical.ch\/?page_id=45","title":{"rendered":"parcours"},"content":{"rendered":"\r\n<p>le d\u00e9part a lieu sur une petite route goudronn\u00e9e au dessus de la scierie du Pratzey, puis sur un sentier caillouteux, parsem\u00e9 de racines, en bordure de for\u00eat. La premi\u00e8re partie du parcours est une mont\u00e9e progressive jusqu&#8217;\u00e0 la route foresti\u00e8re de la Joux, avec un petit replat qui permet de r\u00e9cup\u00e9rer un peu. Apr\u00e8s un petit chemin forestier, on d\u00e9bouche dans une clairi\u00e8re avec une jolie cabane et une place de pique nique. C&#8217;est ensuite que \u00e7a se corse : la pente s&#8217;accentue progressivement, jusqu&#8217;au p\u00e2turage du cousimbert o\u00f9 un drapeau indique que l&#8217;arriv\u00e9e n&#8217;est plus tr\u00e8s loin !<\/p>\r\n\r\n\r\n\r\n<p>Que du plaisir!<\/p>\r\n\r\n\r\n\r\n\r\n\r\n<figure class=\"wp-block-image is-resized\"><a href=\"https:\/\/www.cousimbertical.ch\/wp-content\/uploads\/2018\/12\/parcours.png\"><img loading=\"lazy\" decoding=\"async\" class=\"wp-image-73\" src=\"https:\/\/www.cousimbertical.ch\/wp-content\/uploads\/2018\/12\/parcours-211x300.png\" alt=\"\" width=\"639\" height=\"909\" srcset=\"https:\/\/www.cousimbertical.ch\/wp-content\/uploads\/2018\/12\/parcours-211x300.png 211w, https:\/\/www.cousimbertical.ch\/wp-content\/uploads\/2018\/12\/parcours-768x1092.png 768w, https:\/\/www.cousimbertical.ch\/wp-content\/uploads\/2018\/12\/parcours-720x1024.png 720w, https:\/\/www.cousimbertical.ch\/wp-content\/uploads\/2018\/12\/parcours.png 1117w\" sizes=\"auto, (max-width: 639px) 100vw, 639px\" \/><\/a><\/figure>\r\n\r\n\r\n\r\n<figure class=\"wp-block-image is-resized\"><a href=\"https:\/\/www.cousimbertical.ch\/wp-content\/uploads\/2018\/12\/profil.png\"><img loading=\"lazy\" decoding=\"async\" class=\"wp-image-72\" src=\"https:\/\/www.cousimbertical.ch\/wp-content\/uploads\/2018\/12\/profil-261x300.png\" alt=\"\" width=\"593\" height=\"682\" srcset=\"https:\/\/www.cousimbertical.ch\/wp-content\/uploads\/2018\/12\/profil-261x300.png 261w, https:\/\/www.cousimbertical.ch\/wp-content\/uploads\/2018\/12\/profil-768x884.png 768w, https:\/\/www.cousimbertical.ch\/wp-content\/uploads\/2018\/12\/profil.png 802w\" sizes=\"auto, (max-width: 593px) 100vw, 593px\" \/><\/a><\/figure>\r\n","protected":false},"excerpt":{"rendered":"<p>le d\u00e9part a lieu sur une petite route goudronn\u00e9e au dessus de la scierie du Pratzey, puis sur un sentier caillouteux, parsem\u00e9 de racines, en bordure de for\u00eat. La premi\u00e8re partie du parcours est une mont\u00e9e progressive jusqu&#8217;\u00e0 la route foresti\u00e8re de la Joux, avec un petit replat qui permet de r\u00e9cup\u00e9rer un peu. Apr\u00e8s &hellip; <\/p>\n<p class=\"link-more\"><a href=\"https:\/\/www.cousimbertical.ch\/?page_id=45\" class=\"more-link\">Continue reading<span class=\"screen-reader-text\"> &#8220;parcours&#8221;<\/span><\/a><\/p>\n","protected":false},"author":2,"featured_media":0,"parent":0,"menu_order":0,"comment_status":"closed","ping_status":"closed","template":"","meta":{"ngg_post_thumbnail":0,"footnotes":""},"class_list":["post-45","page","type-page","status-publish","hentry"],"_links":{"self":[{"href":"https:\/\/www.cousimbertical.ch\/index.php?rest_route=\/wp\/v2\/pages\/45","targetHints":{"allow":["GET"]}}],"collection":[{"href":"https:\/\/www.cousimbertical.ch\/index.php?rest_route=\/wp\/v2\/pages"}],"about":[{"href":"https:\/\/www.cousimbertical.ch\/index.php?rest_route=\/wp\/v2\/types\/page"}],"author":[{"embeddable":true,"href":"https:\/\/www.cousimbertical.ch\/index.php?rest_route=\/wp\/v2\/users\/2"}],"replies":[{"embeddable":true,"href":"https:\/\/www.cousimbertical.ch\/index.php?rest_route=%2Fwp%2Fv2%2Fcomments&post=45"}],"version-history":[{"count":10,"href":"https:\/\/www.cousimbertical.ch\/index.php?rest_route=\/wp\/v2\/pages\/45\/revisions"}],"predecessor-version":[{"id":616,"href":"https:\/\/www.cousimbertical.ch\/index.php?rest_route=\/wp\/v2\/pages\/45\/revisions\/616"}],"wp:attachment":[{"href":"https:\/\/www.cousimbertical.ch\/index.php?rest_route=%2Fwp%2Fv2%2Fmedia&parent=45"}],"curies":[{"name":"wp","href":"https:\/\/api.w.org\/{rel}","templated":true}]}}