{"id":700,"date":"2023-09-05T08:16:45","date_gmt":"2023-09-05T06:16:45","guid":{"rendered":"http:\/\/www.cousimbertical.ch\/?page_id=700"},"modified":"2023-10-03T08:25:50","modified_gmt":"2023-10-03T06:25:50","slug":"resultats-2023","status":"publish","type":"page","link":"https:\/\/www.cousimbertical.ch\/?page_id=700","title":{"rendered":"r\u00e9sultats 2023"},"content":{"rendered":"<h1>junior femme<\/h1>\n<table>\n<thead>\n<tr>\n<th>rang<\/th>\n<th>dossard<\/th>\n<th>&nbsp;<\/th>\n<th>&nbsp;<\/th>\n<th>&nbsp;<\/th>\n<th>&nbsp;<\/th>\n<th>temps<\/th>\n<th>diff\u00e9rence<\/th>\n<th>scratch<\/th>\n<th>&nbsp;<\/th>\n<th>&nbsp;<\/th>\n<\/tr>\n<\/thead>\n<tbody>\n<tr>\n<td>1<\/td>\n<td>14<\/td>\n<td>Elodie<\/td>\n<td>Cudr\u00e9-Mauroux<\/td>\n<td>Le Mouret<\/td>\n<td>2008<\/td>\n<td>01:10:56.76<\/td>\n<td>&nbsp;<\/td>\n<td>52<\/td>\n<td>&nbsp;<\/td>\n<\/tr>\n<\/tbody>\n<\/table>\n<h1>senior femme<\/h1>\n<table>\n<thead>\n<tr>\n<th>rang<\/th>\n<th>dossard<\/th>\n<th>&nbsp;<\/th>\n<th>&nbsp;<\/th>\n<th>&nbsp;<\/th>\n<th>&nbsp;<\/th>\n<th>temps<\/th>\n<th>diff\u00e9rence<\/th>\n<th>scratch<\/th>\n<th>&nbsp;<\/th>\n<th>&nbsp;<\/th>\n<\/tr>\n<\/thead>\n<tbody>\n<tr>\n<td>1<\/td>\n<td>49<\/td>\n<td>Marion<\/td>\n<td>Kilchoer<\/td>\n<td>Marsens<\/td>\n<td>1993<\/td>\n<td>00:42:13.11<\/td>\n<td>&nbsp;<\/td>\n<td>17<\/td>\n<td>&nbsp;<\/td>\n<\/tr>\n<tr>\n<td>2<\/td>\n<td>47<\/td>\n<td>Sophie<\/td>\n<td>Lecourt<\/td>\n<td>Fribourg<\/td>\n<td>1983<\/td>\n<td>00:43:21.68<\/td>\n<td>00:01:08.56<\/td>\n<td>19<\/td>\n<td>&nbsp;<\/td>\n<\/tr>\n<tr>\n<td>3<\/td>\n<td>208<\/td>\n<td>Val\u00e9rie<\/td>\n<td>Brodard<\/td>\n<td>&nbsp;<\/td>\n<td>&nbsp;<\/td>\n<td>00:43:36.77<\/td>\n<td>00:01:23.66<\/td>\n<td>20<\/td>\n<td>&nbsp;<\/td>\n<\/tr>\n<tr>\n<td>4<\/td>\n<td>48<\/td>\n<td>Pierrette<\/td>\n<td>Barbey-Borcard<\/td>\n<td>Morlon<\/td>\n<td>1957<\/td>\n<td>00:46:07.91<\/td>\n<td>00:03:54.80<\/td>\n<td>26<\/td>\n<td>&nbsp;<\/td>\n<\/tr>\n<tr>\n<td>5<\/td>\n<td>44<\/td>\n<td>Magali<\/td>\n<td>Brunisholz<\/td>\n<td>Oberried FR<\/td>\n<td>1990<\/td>\n<td>00:53:39.93<\/td>\n<td>00:11:26.81<\/td>\n<td>32<\/td>\n<td>&nbsp;<\/td>\n<\/tr>\n<\/tbody>\n<\/table>\n<h1>senior homme<\/h1>\n<table>\n<thead>\n<tr>\n<th>rang<\/th>\n<th>dossard<\/th>\n<th>&nbsp;<\/th>\n<th>&nbsp;<\/th>\n<th>&nbsp;<\/th>\n<th>&nbsp;<\/th>\n<th>temps<\/th>\n<th>diff\u00e9rence<\/th>\n<th>scratch<\/th>\n<th>&nbsp;<\/th>\n<th>&nbsp;<\/th>\n<\/tr>\n<\/thead>\n<tbody>\n<tr>\n<td>1<\/td>\n<td>207<\/td>\n<td>Ambroise<\/td>\n<td>Repond<\/td>\n<td>Marsens<\/td>\n<td>2001<\/td>\n<td>00:30:05.50<\/td>\n<td>&nbsp;<\/td>\n<td>1<\/td>\n<td>&nbsp;<\/td>\n<\/tr>\n<tr>\n<td>2<\/td>\n<td>66<\/td>\n<td>Beno\u00eet<\/td>\n<td>Guex<\/td>\n<td>Matran<\/td>\n<td>1991<\/td>\n<td>00:31:22.23<\/td>\n<td>00:01:16.73<\/td>\n<td>2<\/td>\n<td>&nbsp;<\/td>\n<\/tr>\n<tr>\n<td>3<\/td>\n<td>78<\/td>\n<td>Theo<\/td>\n<td>Belbezier<\/td>\n<td>La Roche<\/td>\n<td>1997<\/td>\n<td>00:33:03.51<\/td>\n<td>00:02:58.01<\/td>\n<td>3<\/td>\n<td>&nbsp;<\/td>\n<\/tr>\n<tr>\n<td>4<\/td>\n<td>61<\/td>\n<td>Nathana\u00ebl<\/td>\n<td>Oudin<\/td>\n<td>Le Mouret<\/td>\n<td>1981<\/td>\n<td>00:33:38.04<\/td>\n<td>00:03:32.54<\/td>\n<td>4<\/td>\n<td>&nbsp;<\/td>\n<\/tr>\n<tr>\n<td>5<\/td>\n<td>74<\/td>\n<td>Alexandre<\/td>\n<td>Delabays<\/td>\n<td>Arconciel<\/td>\n<td>1993<\/td>\n<td>00:34:30.66<\/td>\n<td>00:04:25.16<\/td>\n<td>5<\/td>\n<td>&nbsp;<\/td>\n<\/tr>\n<tr>\n<td>6<\/td>\n<td>56<\/td>\n<td>Alexandre<\/td>\n<td>Farkas<\/td>\n<td>Fribourg<\/td>\n<td>1983<\/td>\n<td>00:37:39.48<\/td>\n<td>00:07:33.98<\/td>\n<td>6<\/td>\n<td>&nbsp;<\/td>\n<\/tr>\n<tr>\n<td>7<\/td>\n<td>69<\/td>\n<td>Jean-Bernard<\/td>\n<td>Kolly<\/td>\n<td>Tentlingen<\/td>\n<td>1979<\/td>\n<td>00:38:06.41<\/td>\n<td>00:08:00.91<\/td>\n<td>7<\/td>\n<td>&nbsp;<\/td>\n<\/tr>\n<tr>\n<td>8<\/td>\n<td>64<\/td>\n<td>J\u00e9r\u00f4me<\/td>\n<td>Voisard<\/td>\n<td>Matran<\/td>\n<td>1995<\/td>\n<td>00:38:16.84<\/td>\n<td>00:08:11.34<\/td>\n<td>8<\/td>\n<td>&nbsp;<\/td>\n<\/tr>\n<tr>\n<td>9<\/td>\n<td>206<\/td>\n<td>Fabrice<\/td>\n<td>Spycher<\/td>\n<td>&nbsp;<\/td>\n<td>1978<\/td>\n<td>00:38:18.69<\/td>\n<td>00:08:13.19<\/td>\n<td>9<\/td>\n<td>&nbsp;<\/td>\n<\/tr>\n<tr>\n<td>10<\/td>\n<td>50<\/td>\n<td>Philippe<\/td>\n<td>Simonet<\/td>\n<td>Fribourg<\/td>\n<td>1966<\/td>\n<td>00:38:26.58<\/td>\n<td>00:08:21.08<\/td>\n<td>10<\/td>\n<td>&nbsp;<\/td>\n<\/tr>\n<tr>\n<td>11<\/td>\n<td>51<\/td>\n<td>Philippe<\/td>\n<td>Schuwey<\/td>\n<td>Le Mouret<\/td>\n<td>1969<\/td>\n<td>00:38:55.55<\/td>\n<td>00:08:50.05<\/td>\n<td>11<\/td>\n<td>&nbsp;<\/td>\n<\/tr>\n<tr>\n<td>12<\/td>\n<td>53<\/td>\n<td>Jean-Marc<\/td>\n<td>Buchs<\/td>\n<td>Villars-sur-Gl\u00e2ne<\/td>\n<td>1971<\/td>\n<td>00:39:09.54<\/td>\n<td>00:09:04.04<\/td>\n<td>12<\/td>\n<td>&nbsp;<\/td>\n<\/tr>\n<tr>\n<td>13<\/td>\n<td>67<\/td>\n<td>Yves<\/td>\n<td>Joye<\/td>\n<td>Ponthaux<\/td>\n<td>1996<\/td>\n<td>00:40:51.87<\/td>\n<td>00:10:46.37<\/td>\n<td>13<\/td>\n<td>&nbsp;<\/td>\n<\/tr>\n<tr>\n<td>14<\/td>\n<td>59<\/td>\n<td>Eric<\/td>\n<td>Kolly<\/td>\n<td>Corminboeuf<\/td>\n<td>1978<\/td>\n<td>00:41:28.54<\/td>\n<td>00:11:23.04<\/td>\n<td>14<\/td>\n<td>&nbsp;<\/td>\n<\/tr>\n<tr>\n<td>15<\/td>\n<td>63<\/td>\n<td>Quentin<\/td>\n<td>Baechler<\/td>\n<td>Fribourg<\/td>\n<td>1996<\/td>\n<td>00:41:29.86<\/td>\n<td>00:11:24.36<\/td>\n<td>15<\/td>\n<td>&nbsp;<\/td>\n<\/tr>\n<tr>\n<td>16<\/td>\n<td>54<\/td>\n<td>Alwin<\/td>\n<td>Wyssen<\/td>\n<td>Zumholz<\/td>\n<td>1962<\/td>\n<td>00:41:39.69<\/td>\n<td>00:11:34.19<\/td>\n<td>16<\/td>\n<td>&nbsp;<\/td>\n<\/tr>\n<tr>\n<td>17<\/td>\n<td>68<\/td>\n<td>Yannick<\/td>\n<td>Schr\u00f6der<\/td>\n<td>Corminboeuf<\/td>\n<td>1996<\/td>\n<td>00:42:25.12<\/td>\n<td>00:12:19.62<\/td>\n<td>18<\/td>\n<td>&nbsp;<\/td>\n<\/tr>\n<tr>\n<td>18<\/td>\n<td>57<\/td>\n<td>Anthony<\/td>\n<td>Richard<\/td>\n<td>Le Mouret<\/td>\n<td>1997<\/td>\n<td>00:44:07.69<\/td>\n<td>00:14:02.19<\/td>\n<td>21<\/td>\n<td>&nbsp;<\/td>\n<\/tr>\n<tr>\n<td>19<\/td>\n<td>71<\/td>\n<td>Timour<\/td>\n<td>Meyer<\/td>\n<td>Rossens<\/td>\n<td>1993<\/td>\n<td>00:44:26.70<\/td>\n<td>00:14:21.20<\/td>\n<td>22<\/td>\n<td>&nbsp;<\/td>\n<\/tr>\n<tr>\n<td>20<\/td>\n<td>73<\/td>\n<td>Landry<\/td>\n<td>Devaud<\/td>\n<td>Ependes<\/td>\n<td>1971<\/td>\n<td>00:45:03.73<\/td>\n<td>00:14:58.23<\/td>\n<td>23<\/td>\n<td>&nbsp;<\/td>\n<\/tr>\n<tr>\n<td>21<\/td>\n<td>77<\/td>\n<td>Antoine<\/td>\n<td>Brodard<\/td>\n<td>Hauteville<\/td>\n<td>1976<\/td>\n<td>00:45:03.93<\/td>\n<td>00:14:58.43<\/td>\n<td>24<\/td>\n<td>&nbsp;<\/td>\n<\/tr>\n<tr>\n<td>22<\/td>\n<td>65<\/td>\n<td>Baptiste<\/td>\n<td>Overney<\/td>\n<td>Villars-sur-Gl\u00e2ne<\/td>\n<td>1995<\/td>\n<td>00:45:53.26<\/td>\n<td>00:15:47.76<\/td>\n<td>25<\/td>\n<td>&nbsp;<\/td>\n<\/tr>\n<tr>\n<td>23<\/td>\n<td>52<\/td>\n<td>Cyril<\/td>\n<td>Verbois<\/td>\n<td>Blonay<\/td>\n<td>1996<\/td>\n<td>00:46:47.33<\/td>\n<td>00:16:41.83<\/td>\n<td>27<\/td>\n<td>&nbsp;<\/td>\n<\/tr>\n<tr>\n<td>24<\/td>\n<td>70<\/td>\n<td>Nicolas<\/td>\n<td>Terreaux<\/td>\n<td>Le Mouret<\/td>\n<td>1998<\/td>\n<td>00:46:53.02<\/td>\n<td>00:16:47.52<\/td>\n<td>28<\/td>\n<td>&nbsp;<\/td>\n<\/tr>\n<tr>\n<td>25<\/td>\n<td>72<\/td>\n<td>Patrick<\/td>\n<td>Hayoz<\/td>\n<td>Pont-la-Ville<\/td>\n<td>1971<\/td>\n<td>00:47:01.48<\/td>\n<td>00:16:55.98<\/td>\n<td>29<\/td>\n<td>&nbsp;<\/td>\n<\/tr>\n<tr>\n<td>26<\/td>\n<td>58<\/td>\n<td>Arnaud<\/td>\n<td>Vonlanthen<\/td>\n<td>Bulle<\/td>\n<td>1994<\/td>\n<td>00:48:50.95<\/td>\n<td>00:18:45.45<\/td>\n<td>30<\/td>\n<td>&nbsp;<\/td>\n<\/tr>\n<tr>\n<td>27<\/td>\n<td>80<\/td>\n<td>Baptiste<\/td>\n<td>Rotzetter<\/td>\n<td>Arconciel<\/td>\n<td>1995<\/td>\n<td>00:50:26.25<\/td>\n<td>00:20:20.75<\/td>\n<td>31<\/td>\n<td>&nbsp;<\/td>\n<\/tr>\n<tr>\n<td>28<\/td>\n<td>55<\/td>\n<td>Nicolas<\/td>\n<td>Brunisholz<\/td>\n<td>Oberried FR<\/td>\n<td>1989<\/td>\n<td>00:54:22.08<\/td>\n<td>00:24:16.58<\/td>\n<td>33<\/td>\n<td>&nbsp;<\/td>\n<\/tr>\n<tr>\n<td>29<\/td>\n<td>75<\/td>\n<td>Quentin<\/td>\n<td>Quartenoud<\/td>\n<td>Treyvaux<\/td>\n<td>1992<\/td>\n<td>00:58:33.23<\/td>\n<td>00:28:27.73<\/td>\n<td>38<\/td>\n<td>&nbsp;<\/td>\n<\/tr>\n<\/tbody>\n<\/table>\n<h1>marcheur<\/h1>\n<table>\n<thead>\n<tr>\n<th>dossard<\/th>\n<th>&nbsp;<\/th>\n<th>&nbsp;<\/th>\n<th>&nbsp;<\/th>\n<th>&nbsp;<\/th>\n<th>temps<\/th>\n<th>&nbsp;<\/th>\n<th>&nbsp;<\/th>\n<\/tr>\n<\/thead>\n<tbody>\n<tr>\n<td>142<\/td>\n<td>Marie-Claire<\/td>\n<td>Aebischer<\/td>\n<td>Mont\u00e9vraz<\/td>\n<td>1959<\/td>\n<td>01:16:55.33<\/td>\n<td>&nbsp;<\/td>\n<\/tr>\n<tr>\n<td>144<\/td>\n<td>Laurence<\/td>\n<td>Andrey<\/td>\n<td>Ependes<\/td>\n<td>1967<\/td>\n<td>01:23:27.50<\/td>\n<td>&nbsp;<\/td>\n<\/tr>\n<tr>\n<td>135<\/td>\n<td>Anais<\/td>\n<td>Baumbach<\/td>\n<td>Posieux<\/td>\n<td>1995<\/td>\n<td>01:00:30.94<\/td>\n<td>&nbsp;<\/td>\n<\/tr>\n<tr>\n<td>137<\/td>\n<td>Bastien<\/td>\n<td>Bock<\/td>\n<td>Giffers<\/td>\n<td>1999<\/td>\n<td>00:55:27.09<\/td>\n<td>&nbsp;<\/td>\n<\/tr>\n<tr>\n<td>139<\/td>\n<td>Daniela<\/td>\n<td>Bock-Schwaller<\/td>\n<td>Tafers<\/td>\n<td>1969<\/td>\n<td>01:02:25.95<\/td>\n<td>&nbsp;<\/td>\n<\/tr>\n<tr>\n<td>152<\/td>\n<td>Leila<\/td>\n<td>Brasey<\/td>\n<td>Pensier<\/td>\n<td>1997<\/td>\n<td>01:10:28.48<\/td>\n<td>&nbsp;<\/td>\n<\/tr>\n<tr>\n<td>127<\/td>\n<td>Marine<\/td>\n<td>Clerc<\/td>\n<td>Marly<\/td>\n<td>1997<\/td>\n<td>01:10:28.22<\/td>\n<td>&nbsp;<\/td>\n<\/tr>\n<tr>\n<td>132<\/td>\n<td>Nad\u00e8ge<\/td>\n<td>Clerc<\/td>\n<td>Marly<\/td>\n<td>1999<\/td>\n<td>01:02:34.80<\/td>\n<td>&nbsp;<\/td>\n<\/tr>\n<tr>\n<td>130<\/td>\n<td>Christine<\/td>\n<td>Cl\u00e9ment<\/td>\n<td>Ependes<\/td>\n<td>1969<\/td>\n<td>01:59:27.97<\/td>\n<td>&nbsp;<\/td>\n<\/tr>\n<tr>\n<td>141<\/td>\n<td>Luzia<\/td>\n<td>Cl\u00e9ment-Vonwil<\/td>\n<td>Le Mouret<\/td>\n<td>1963<\/td>\n<td>00:55:49.93<\/td>\n<td>&nbsp;<\/td>\n<\/tr>\n<tr>\n<td>146<\/td>\n<td>Alcina<\/td>\n<td>Cudr\u00e9-Mauroux<\/td>\n<td>Le Mouret<\/td>\n<td>1976<\/td>\n<td>01:01:44.58<\/td>\n<td>&nbsp;<\/td>\n<\/tr>\n<tr>\n<td>128<\/td>\n<td>Kristel<\/td>\n<td>Ding<\/td>\n<td>Villarlod<\/td>\n<td>1995<\/td>\n<td>01:11:15.51<\/td>\n<td>&nbsp;<\/td>\n<\/tr>\n<tr>\n<td>140<\/td>\n<td>Tanguy<\/td>\n<td>Durussel<\/td>\n<td>Rossens<\/td>\n<td>1991<\/td>\n<td>01:00:04.97<\/td>\n<td>&nbsp;<\/td>\n<\/tr>\n<tr>\n<td>151<\/td>\n<td>Aline<\/td>\n<td>Eggertswyler<\/td>\n<td>Le Mouret<\/td>\n<td>1994<\/td>\n<td>01:23:14.11<\/td>\n<td>&nbsp;<\/td>\n<\/tr>\n<tr>\n<td>114<\/td>\n<td>Faustine<\/td>\n<td>Etter<\/td>\n<td>Villars-sur-Gl\u00e2ne<\/td>\n<td>1994<\/td>\n<td>01:05:13.97<\/td>\n<td>&nbsp;<\/td>\n<\/tr>\n<tr>\n<td>118<\/td>\n<td>Eug\u00e9nia<\/td>\n<td>Ferreira da Silva<\/td>\n<td>Villars-sur-Gl\u00e2ne<\/td>\n<td>1995<\/td>\n<td>01:05:14.12<\/td>\n<td>&nbsp;<\/td>\n<\/tr>\n<tr>\n<td>153<\/td>\n<td>Olivieri<\/td>\n<td>Frein<\/td>\n<td>Le Mouret<\/td>\n<td>1975<\/td>\n<td>00:56:15.65<\/td>\n<td>&nbsp;<\/td>\n<\/tr>\n<tr>\n<td>149<\/td>\n<td>Laurence<\/td>\n<td>Gillard<\/td>\n<td>Le Mouret<\/td>\n<td>1969<\/td>\n<td>01:12:03.91<\/td>\n<td>&nbsp;<\/td>\n<\/tr>\n<tr>\n<td>133<\/td>\n<td>Manon<\/td>\n<td>Gumy<\/td>\n<td>Belfaux<\/td>\n<td>2003<\/td>\n<td>01:21:56.06<\/td>\n<td>&nbsp;<\/td>\n<\/tr>\n<tr>\n<td>138<\/td>\n<td>Christoph<\/td>\n<td>Meier<\/td>\n<td>Tafers<\/td>\n<td>1959<\/td>\n<td>01:10:45.41<\/td>\n<td>&nbsp;<\/td>\n<\/tr>\n<tr>\n<td>148<\/td>\n<td>Sonia<\/td>\n<td>Monney<\/td>\n<td>Ferpicloz<\/td>\n<td>1977<\/td>\n<td>01:14:44.19<\/td>\n<td>&nbsp;<\/td>\n<\/tr>\n<tr>\n<td>136<\/td>\n<td>Kevin<\/td>\n<td>Neuhaus<\/td>\n<td>Marly<\/td>\n<td>1993<\/td>\n<td>01:08:03.19<\/td>\n<td>&nbsp;<\/td>\n<\/tr>\n<tr>\n<td>131<\/td>\n<td>Sylvie<\/td>\n<td>Prahin Cajeux<\/td>\n<td>Ependes<\/td>\n<td>1960<\/td>\n<td>01:16:45.65<\/td>\n<td>&nbsp;<\/td>\n<\/tr>\n<tr>\n<td>129<\/td>\n<td>Charlotte<\/td>\n<td>Schmoutz<\/td>\n<td>Villarlod<\/td>\n<td>1996<\/td>\n<td>01:12:37.23<\/td>\n<td>&nbsp;<\/td>\n<\/tr>\n<tr>\n<td>145<\/td>\n<td>Margaux<\/td>\n<td>Simonet<\/td>\n<td>Fribourg<\/td>\n<td>1996<\/td>\n<td>01:01:04.66<\/td>\n<td>&nbsp;<\/td>\n<\/tr>\n<tr>\n<td>76<\/td>\n<td>Jean-Marc<\/td>\n<td>Sottas<\/td>\n<td>Le Mouret<\/td>\n<td>1965<\/td>\n<td>00:54:38.66<\/td>\n<td>&nbsp;<\/td>\n<\/tr>\n<tr>\n<td>150<\/td>\n<td>Sylviane<\/td>\n<td>Terreaux-Telley<\/td>\n<td>Ch\u00e2tel-St-Denis<\/td>\n<td>1968<\/td>\n<td>01:00:55.09<\/td>\n<td>&nbsp;<\/td>\n<\/tr>\n<tr>\n<td>143<\/td>\n<td>Chantal<\/td>\n<td>Tinguely<\/td>\n<td>Ferpicloz<\/td>\n<td>1971<\/td>\n<td>01:14:20.94<\/td>\n<td>&nbsp;<\/td>\n<\/tr>\n<tr>\n<td>147<\/td>\n<td>Ghislaine<\/td>\n<td>Wicht<\/td>\n<td>Le Mouret<\/td>\n<td>1967<\/td>\n<td>01:14:15.47<\/td>\n<td>&nbsp;<\/td>\n<\/tr>\n<tr>\n<td>134<\/td>\n<td>Coraline<\/td>\n<td>Zosso<\/td>\n<td>Le Mouret<\/td>\n<td>2002<\/td>\n<td>01:21:55.87<\/td>\n<\/tr>\n<\/tbody>\n<\/table>\n","protected":false},"excerpt":{"rendered":"<p>junior femme rang dossard &nbsp; &nbsp; &nbsp; &nbsp; temps diff\u00e9rence scratch &nbsp; &nbsp; 1 14 Elodie Cudr\u00e9-Mauroux Le Mouret 2008 01:10:56.76 &nbsp; 52 &nbsp; senior femme rang dossard &nbsp; &nbsp; &nbsp; &nbsp; temps diff\u00e9rence scratch &nbsp; &nbsp; 1 49 Marion Kilchoer Marsens 1993 00:42:13.11 &nbsp; 17 &nbsp; 2 47 Sophie Lecourt Fribourg 1983 00:43:21.68 00:01:08.56 &hellip; <\/p>\n<p class=\"link-more\"><a href=\"https:\/\/www.cousimbertical.ch\/?page_id=700\" class=\"more-link\">Continue reading<span class=\"screen-reader-text\"> &#8220;r\u00e9sultats 2023&#8221;<\/span><\/a><\/p>\n","protected":false},"author":6,"featured_media":0,"parent":0,"menu_order":0,"comment_status":"closed","ping_status":"closed","template":"","meta":{"ngg_post_thumbnail":0,"footnotes":""},"class_list":["post-700","page","type-page","status-publish","hentry"],"_links":{"self":[{"href":"https:\/\/www.cousimbertical.ch\/index.php?rest_route=\/wp\/v2\/pages\/700","targetHints":{"allow":["GET"]}}],"collection":[{"href":"https:\/\/www.cousimbertical.ch\/index.php?rest_route=\/wp\/v2\/pages"}],"about":[{"href":"https:\/\/www.cousimbertical.ch\/index.php?rest_route=\/wp\/v2\/types\/page"}],"author":[{"embeddable":true,"href":"https:\/\/www.cousimbertical.ch\/index.php?rest_route=\/wp\/v2\/users\/6"}],"replies":[{"embeddable":true,"href":"https:\/\/www.cousimbertical.ch\/index.php?rest_route=%2Fwp%2Fv2%2Fcomments&post=700"}],"version-history":[{"count":2,"href":"https:\/\/www.cousimbertical.ch\/index.php?rest_route=\/wp\/v2\/pages\/700\/revisions"}],"predecessor-version":[{"id":715,"href":"https:\/\/www.cousimbertical.ch\/index.php?rest_route=\/wp\/v2\/pages\/700\/revisions\/715"}],"wp:attachment":[{"href":"https:\/\/www.cousimbertical.ch\/index.php?rest_route=%2Fwp%2Fv2%2Fmedia&parent=700"}],"curies":[{"name":"wp","href":"https:\/\/api.w.org\/{rel}","templated":true}]}}