{"id":768,"date":"2024-09-22T10:54:04","date_gmt":"2024-09-22T08:54:04","guid":{"rendered":"http:\/\/www.cousimbertical.ch\/?page_id=768"},"modified":"2024-09-22T10:54:49","modified_gmt":"2024-09-22T08:54:49","slug":"resultats-2024","status":"publish","type":"page","link":"https:\/\/www.cousimbertical.ch\/?page_id=768","title":{"rendered":"r\u00e9sultats 2024"},"content":{"rendered":"<h1>junior femme<\/h1>\n<table>\n<thead>\n<tr>\n<th>rang<\/th>\n<th>dossard<\/th>\n<th>&nbsp;<\/th>\n<th>&nbsp;<\/th>\n<th>&nbsp;<\/th>\n<th>&nbsp;<\/th>\n<th>temps<\/th>\n<th>diff\u00e9rence<\/th>\n<th>scratch<\/th>\n<th>&nbsp;<\/th>\n<th>&nbsp;<\/th>\n<\/tr>\n<\/thead>\n<tbody>\n<tr>\n<td>1<\/td>\n<td>58<\/td>\n<td>Ana\u00efs<\/td>\n<td>Gusset<\/td>\n<td>Payerne<\/td>\n<td>2011<\/td>\n<td>01:10:11.47<\/td>\n<td>&nbsp;<\/td>\n<td>85<\/td>\n<td>&nbsp;<\/td>\n<\/tr>\n<tr>\n<td>2<\/td>\n<td>57<\/td>\n<td>Lucia<\/td>\n<td>Cuche<\/td>\n<td>Corcelles-Pr\u00e8s-Payerne<\/td>\n<td>2008<\/td>\n<td>01:20:09.58<\/td>\n<td>00:09:58.11<\/td>\n<td>91<\/td>\n<td>&nbsp;<\/td>\n<\/tr>\n<\/tbody>\n<\/table>\n<h1>junior homme<\/h1>\n<table>\n<thead>\n<tr>\n<th>rang<\/th>\n<th>dossard<\/th>\n<th>&nbsp;<\/th>\n<th>&nbsp;<\/th>\n<th>&nbsp;<\/th>\n<th>&nbsp;<\/th>\n<th>temps<\/th>\n<th>diff\u00e9rence<\/th>\n<th>scratch<\/th>\n<th>&nbsp;<\/th>\n<th>&nbsp;<\/th>\n<\/tr>\n<\/thead>\n<tbody>\n<tr>\n<td>1<\/td>\n<td>2<\/td>\n<td>Simon<\/td>\n<td>Pilet<\/td>\n<td>Le Mouret<\/td>\n<td>2011<\/td>\n<td>00:41:16.73<\/td>\n<td>&nbsp;<\/td>\n<td>13<\/td>\n<td>&nbsp;<\/td>\n<\/tr>\n<tr>\n<td>2<\/td>\n<td>1<\/td>\n<td>Emmanuel<\/td>\n<td>Pilet<\/td>\n<td>Le Mouret<\/td>\n<td>2014<\/td>\n<td>00:41:38.30<\/td>\n<td>00:00:21.57<\/td>\n<td>15<\/td>\n<td>&nbsp;<\/td>\n<\/tr>\n<\/tbody>\n<\/table>\n<h1>senior femme<\/h1>\n<table>\n<thead>\n<tr>\n<th>rang<\/th>\n<th>dossard<\/th>\n<th>&nbsp;<\/th>\n<th>&nbsp;<\/th>\n<th>&nbsp;<\/th>\n<th>&nbsp;<\/th>\n<th>temps<\/th>\n<th>diff\u00e9rence<\/th>\n<th>scratch<\/th>\n<th>&nbsp;<\/th>\n<th>&nbsp;<\/th>\n<\/tr>\n<\/thead>\n<tbody>\n<tr>\n<td>1<\/td>\n<td>53<\/td>\n<td>Romane<\/td>\n<td>Gauthier<\/td>\n<td>Le Noirmont<\/td>\n<td>1998<\/td>\n<td>00:33:12.04<\/td>\n<td>&nbsp;<\/td>\n<td>3<\/td>\n<td>&nbsp;<\/td>\n<\/tr>\n<tr>\n<td>2<\/td>\n<td>56<\/td>\n<td>Marion<\/td>\n<td>Kilchoer<\/td>\n<td>Marsens<\/td>\n<td>1993<\/td>\n<td>00:40:45.18<\/td>\n<td>00:07:33.13<\/td>\n<td>10<\/td>\n<td>&nbsp;<\/td>\n<\/tr>\n<tr>\n<td>3<\/td>\n<td>54<\/td>\n<td>Jocelyne<\/td>\n<td>Glinz-Morel<\/td>\n<td>Treyvaux<\/td>\n<td>1986<\/td>\n<td>00:48:01.76<\/td>\n<td>00:14:49.72<\/td>\n<td>32<\/td>\n<td>&nbsp;<\/td>\n<\/tr>\n<tr>\n<td>4<\/td>\n<td>51<\/td>\n<td>val\u00e9rie<\/td>\n<td>Bapst<\/td>\n<td>Botterens<\/td>\n<td>1972<\/td>\n<td>00:53:50.45<\/td>\n<td>00:20:38.41<\/td>\n<td>41<\/td>\n<td>&nbsp;<\/td>\n<\/tr>\n<tr>\n<td>5<\/td>\n<td>50<\/td>\n<td>Christelle<\/td>\n<td>Ruffieux<\/td>\n<td>Fribourg<\/td>\n<td>1994<\/td>\n<td>00:55:35.91<\/td>\n<td>00:22:23.87<\/td>\n<td>48<\/td>\n<td>&nbsp;<\/td>\n<\/tr>\n<tr>\n<td>6<\/td>\n<td>52<\/td>\n<td>Romy<\/td>\n<td>Pilet<\/td>\n<td>Le Mouret<\/td>\n<td>1983<\/td>\n<td>01:01:36.22<\/td>\n<td>00:28:24.18<\/td>\n<td>68<\/td>\n<td>&nbsp;<\/td>\n<\/tr>\n<tr>\n<td>7<\/td>\n<td>55<\/td>\n<td>Jacqueline<\/td>\n<td>Perler<\/td>\n<td>Treyvaux<\/td>\n<td>1968<\/td>\n<td>01:01:44.30<\/td>\n<td>00:28:32.26<\/td>\n<td>70<\/td>\n<td>&nbsp;<\/td>\n<\/tr>\n<\/tbody>\n<\/table>\n<h1>senior homme<\/h1>\n<table>\n<thead>\n<tr>\n<th>rang<\/th>\n<th>dossard<\/th>\n<th>&nbsp;<\/th>\n<th>&nbsp;<\/th>\n<th>&nbsp;<\/th>\n<th>&nbsp;<\/th>\n<th>temps<\/th>\n<th>diff\u00e9rence<\/th>\n<th>scratch<\/th>\n<th>&nbsp;<\/th>\n<th>&nbsp;<\/th>\n<\/tr>\n<\/thead>\n<tbody>\n<tr>\n<td>1<\/td>\n<td>5<\/td>\n<td>Romain<\/td>\n<td>Juillerat<\/td>\n<td>Marly<\/td>\n<td>1996<\/td>\n<td>00:29:03.81<\/td>\n<td>&nbsp;<\/td>\n<td>1<\/td>\n<td>&nbsp;<\/td>\n<\/tr>\n<tr>\n<td>2<\/td>\n<td>4<\/td>\n<td>Beno\u00eet<\/td>\n<td>Guex<\/td>\n<td>Matran<\/td>\n<td>1991<\/td>\n<td>00:30:11.79<\/td>\n<td>00:01:07.97<\/td>\n<td>2<\/td>\n<td>&nbsp;<\/td>\n<\/tr>\n<tr>\n<td>3<\/td>\n<td>206<\/td>\n<td>Juan<\/td>\n<td>Montana<\/td>\n<td>&nbsp;<\/td>\n<td>1986<\/td>\n<td>00:37:55.66<\/td>\n<td>00:08:51.84<\/td>\n<td>4<\/td>\n<td>&nbsp;<\/td>\n<\/tr>\n<tr>\n<td>4<\/td>\n<td>31<\/td>\n<td>Jean-claude<\/td>\n<td>Pache<\/td>\n<td>Lussy<\/td>\n<td>1965<\/td>\n<td>00:38:29.09<\/td>\n<td>00:09:25.27<\/td>\n<td>5<\/td>\n<td>&nbsp;<\/td>\n<\/tr>\n<tr>\n<td>5<\/td>\n<td>36<\/td>\n<td>Lo\u00efc<\/td>\n<td>Simonet<\/td>\n<td>Salvan<\/td>\n<td>1993<\/td>\n<td>00:38:33.19<\/td>\n<td>00:09:29.37<\/td>\n<td>6<\/td>\n<td>&nbsp;<\/td>\n<\/tr>\n<tr>\n<td>6<\/td>\n<td>7<\/td>\n<td>Philippe<\/td>\n<td>Schuwey<\/td>\n<td>Le Mouret<\/td>\n<td>1969<\/td>\n<td>00:39:33.20<\/td>\n<td>00:10:29.38<\/td>\n<td>7<\/td>\n<td>&nbsp;<\/td>\n<\/tr>\n<tr>\n<td>7<\/td>\n<td>10<\/td>\n<td>Quentin<\/td>\n<td>Mauron<\/td>\n<td>La Roche<\/td>\n<td>1997<\/td>\n<td>00:40:03.04<\/td>\n<td>00:10:59.22<\/td>\n<td>8<\/td>\n<td>&nbsp;<\/td>\n<\/tr>\n<tr>\n<td>8<\/td>\n<td>6<\/td>\n<td>Philippe<\/td>\n<td>Simonet<\/td>\n<td>Fribourg<\/td>\n<td>1966<\/td>\n<td>00:40:32.20<\/td>\n<td>00:11:28.38<\/td>\n<td>9<\/td>\n<td>&nbsp;<\/td>\n<\/tr>\n<tr>\n<td>9<\/td>\n<td>37<\/td>\n<td>Cedric<\/td>\n<td>Peters<\/td>\n<td>Villars-sur-Gl\u00e2ne<\/td>\n<td>2006<\/td>\n<td>00:40:49.75<\/td>\n<td>00:11:45.93<\/td>\n<td>11<\/td>\n<td>&nbsp;<\/td>\n<\/tr>\n<tr>\n<td>10<\/td>\n<td>9<\/td>\n<td>Nicolas<\/td>\n<td>Schuwey<\/td>\n<td>Mont\u00e9vraz<\/td>\n<td>1998<\/td>\n<td>00:41:12.76<\/td>\n<td>00:12:08.94<\/td>\n<td>12<\/td>\n<td>&nbsp;<\/td>\n<\/tr>\n<tr>\n<td>11<\/td>\n<td>16<\/td>\n<td>Nicolas<\/td>\n<td>Bouquet<\/td>\n<td>Cottens<\/td>\n<td>2002<\/td>\n<td>00:41:32.90<\/td>\n<td>00:12:29.08<\/td>\n<td>14<\/td>\n<td>&nbsp;<\/td>\n<\/tr>\n<tr>\n<td>12<\/td>\n<td>8<\/td>\n<td>Edmond<\/td>\n<td>Kolly<\/td>\n<td>Ch\u00e2tel-sur-Montsalvens<\/td>\n<td>1957<\/td>\n<td>00:42:09.19<\/td>\n<td>00:13:05.37<\/td>\n<td>16<\/td>\n<td>&nbsp;<\/td>\n<\/tr>\n<tr>\n<td>13<\/td>\n<td>27<\/td>\n<td>Olivier<\/td>\n<td>Menoud<\/td>\n<td>Romanens<\/td>\n<td>1972<\/td>\n<td>00:42:36.44<\/td>\n<td>00:13:32.62<\/td>\n<td>17<\/td>\n<td>&nbsp;<\/td>\n<\/tr>\n<tr>\n<td>14<\/td>\n<td>25<\/td>\n<td>Cyril<\/td>\n<td>Pittet<\/td>\n<td>Mannens<\/td>\n<td>1999<\/td>\n<td>00:43:11.63<\/td>\n<td>00:14:07.81<\/td>\n<td>18<\/td>\n<td>&nbsp;<\/td>\n<\/tr>\n<tr>\n<td>15<\/td>\n<td>32<\/td>\n<td>Cyril<\/td>\n<td>Verbois<\/td>\n<td>Blonay<\/td>\n<td>1996<\/td>\n<td>00:43:43.44<\/td>\n<td>00:14:39.62<\/td>\n<td>19<\/td>\n<td>&nbsp;<\/td>\n<\/tr>\n<tr>\n<td>16<\/td>\n<td>24<\/td>\n<td>Quantin<\/td>\n<td>Waeber<\/td>\n<td>Bulle<\/td>\n<td>1995<\/td>\n<td>00:43:56.02<\/td>\n<td>00:14:52.20<\/td>\n<td>20<\/td>\n<td>&nbsp;<\/td>\n<\/tr>\n<tr>\n<td>17<\/td>\n<td>33<\/td>\n<td>And\u00e9ol<\/td>\n<td>Jordan<\/td>\n<td>Bulle<\/td>\n<td>1964<\/td>\n<td>00:43:57.37<\/td>\n<td>00:14:53.55<\/td>\n<td>21<\/td>\n<td>&nbsp;<\/td>\n<\/tr>\n<tr>\n<td>18<\/td>\n<td>29<\/td>\n<td>Axel<\/td>\n<td>Gavillet<\/td>\n<td>Arconciel<\/td>\n<td>2004<\/td>\n<td>00:43:58.33<\/td>\n<td>00:14:54.51<\/td>\n<td>22<\/td>\n<td>&nbsp;<\/td>\n<\/tr>\n<tr>\n<td>19<\/td>\n<td>41<\/td>\n<td>Florian<\/td>\n<td>Rumo<\/td>\n<td>Arconciel<\/td>\n<td>1990<\/td>\n<td>00:44:33.30<\/td>\n<td>00:15:29.48<\/td>\n<td>23<\/td>\n<td>&nbsp;<\/td>\n<\/tr>\n<tr>\n<td>20<\/td>\n<td>26<\/td>\n<td>Baptiste<\/td>\n<td>Overney<\/td>\n<td>Villars-sur-Gl\u00e2ne<\/td>\n<td>1995<\/td>\n<td>00:45:32.11<\/td>\n<td>00:16:28.29<\/td>\n<td>24<\/td>\n<td>&nbsp;<\/td>\n<\/tr>\n<tr>\n<td>21<\/td>\n<td>30<\/td>\n<td>Gabriel<\/td>\n<td>Zulauff<\/td>\n<td>Les rasses<\/td>\n<td>1980<\/td>\n<td>00:46:26.80<\/td>\n<td>00:17:22.98<\/td>\n<td>27<\/td>\n<td>&nbsp;<\/td>\n<\/tr>\n<tr>\n<td>22<\/td>\n<td>34<\/td>\n<td>R\u00e9my<\/td>\n<td>Berset<\/td>\n<td>Ependes<\/td>\n<td>1993<\/td>\n<td>00:46:28.56<\/td>\n<td>00:17:24.75<\/td>\n<td>28<\/td>\n<td>&nbsp;<\/td>\n<\/tr>\n<tr>\n<td>23<\/td>\n<td>15<\/td>\n<td>Sebastien<\/td>\n<td>Vorlet<\/td>\n<td>Formangueires<\/td>\n<td>1993<\/td>\n<td>00:47:18.44<\/td>\n<td>00:18:14.62<\/td>\n<td>29<\/td>\n<td>&nbsp;<\/td>\n<\/tr>\n<tr>\n<td>24<\/td>\n<td>28<\/td>\n<td>Eric<\/td>\n<td>Monney<\/td>\n<td>Sen\u00e8des<\/td>\n<td>1998<\/td>\n<td>00:47:54.15<\/td>\n<td>00:18:50.33<\/td>\n<td>30<\/td>\n<td>&nbsp;<\/td>\n<\/tr>\n<tr>\n<td>25<\/td>\n<td>42<\/td>\n<td>Timour<\/td>\n<td>Meyer<\/td>\n<td>Rossens<\/td>\n<td>1993<\/td>\n<td>00:47:58.72<\/td>\n<td>00:18:54.90<\/td>\n<td>31<\/td>\n<td>&nbsp;<\/td>\n<\/tr>\n<tr>\n<td>26<\/td>\n<td>20<\/td>\n<td>Jean-Baptiste<\/td>\n<td>Kolly<\/td>\n<td>Marly<\/td>\n<td>1964<\/td>\n<td>00:52:07.08<\/td>\n<td>00:23:03.26<\/td>\n<td>34<\/td>\n<td>&nbsp;<\/td>\n<\/tr>\n<tr>\n<td>27<\/td>\n<td>201<\/td>\n<td>Bruno<\/td>\n<td>Raemy<\/td>\n<td>Rossens<\/td>\n<td>&nbsp;<\/td>\n<td>00:52:08.04<\/td>\n<td>00:23:04.22<\/td>\n<td>36<\/td>\n<td>&nbsp;<\/td>\n<\/tr>\n<tr>\n<td>28<\/td>\n<td>13<\/td>\n<td>Jean-Marc<\/td>\n<td>Sottas<\/td>\n<td>Le Mouret<\/td>\n<td>1965<\/td>\n<td>00:53:11.79<\/td>\n<td>00:24:07.97<\/td>\n<td>39<\/td>\n<td>&nbsp;<\/td>\n<\/tr>\n<tr>\n<td>29<\/td>\n<td>12<\/td>\n<td>Damien<\/td>\n<td>Giroud<\/td>\n<td>Bonnefontaine<\/td>\n<td>1989<\/td>\n<td>00:53:28.47<\/td>\n<td>00:24:24.65<\/td>\n<td>40<\/td>\n<td>&nbsp;<\/td>\n<\/tr>\n<tr>\n<td>30<\/td>\n<td>40<\/td>\n<td>Christophe<\/td>\n<td>Gusset<\/td>\n<td>Payerne<\/td>\n<td>1973<\/td>\n<td>00:54:12.83<\/td>\n<td>00:25:09.01<\/td>\n<td>43<\/td>\n<td>&nbsp;<\/td>\n<\/tr>\n<tr>\n<td>31<\/td>\n<td>39<\/td>\n<td>Brice<\/td>\n<td>Bertin<\/td>\n<td>Brent<\/td>\n<td>1994<\/td>\n<td>00:54:43.62<\/td>\n<td>00:25:39.80<\/td>\n<td>47<\/td>\n<td>&nbsp;<\/td>\n<\/tr>\n<tr>\n<td>32<\/td>\n<td>35<\/td>\n<td>Samuel<\/td>\n<td>Favre<\/td>\n<td>Bulle<\/td>\n<td>1992<\/td>\n<td>00:58:24.26<\/td>\n<td>00:29:20.44<\/td>\n<td>53<\/td>\n<td>&nbsp;<\/td>\n<\/tr>\n<tr>\n<td>33<\/td>\n<td>23<\/td>\n<td>Philippe<\/td>\n<td>Pilet<\/td>\n<td>Le Mouret<\/td>\n<td>1983<\/td>\n<td>01:01:37.83<\/td>\n<td>00:32:34.01<\/td>\n<td>69<\/td>\n<td>&nbsp;<\/td>\n<\/tr>\n<tr>\n<td>34<\/td>\n<td>38<\/td>\n<td>Matthieu<\/td>\n<td>Joye<\/td>\n<td>Misery<\/td>\n<td>2000<\/td>\n<td>01:02:16.23<\/td>\n<td>00:33:12.41<\/td>\n<td>72<\/td>\n<td>&nbsp;<\/td>\n<\/tr>\n<\/tbody>\n<\/table>\n<h1>populaire<\/h1>\n<table>\n<thead>\n<tr>\n<th>dossard<\/th>\n<th>&nbsp;<\/th>\n<th>&nbsp;<\/th>\n<th>&nbsp;<\/th>\n<th>&nbsp;<\/th>\n<th>temps<\/th>\n<th>&nbsp;<\/th>\n<th>&nbsp;<\/th>\n<\/tr>\n<\/thead>\n<tbody>\n<tr>\n<td>137<\/td>\n<td>David<\/td>\n<td>Aebischer<\/td>\n<td>Bulle<\/td>\n<td>1993<\/td>\n<td>00:52:07.16<\/td>\n<td>&nbsp;<\/td>\n<\/tr>\n<tr>\n<td>141<\/td>\n<td>Marie-Claire<\/td>\n<td>Aebischer<\/td>\n<td>Le Mouret<\/td>\n<td>1959<\/td>\n<td>01:12:25.56<\/td>\n<td>&nbsp;<\/td>\n<\/tr>\n<tr>\n<td>123<\/td>\n<td>Romane<\/td>\n<td>Albisetti<\/td>\n<td>Fribourg<\/td>\n<td>1999<\/td>\n<td>00:58:34.12<\/td>\n<td>&nbsp;<\/td>\n<\/tr>\n<tr>\n<td>135<\/td>\n<td>Laurence<\/td>\n<td>Andrey<\/td>\n<td>Ependes FR<\/td>\n<td>1967<\/td>\n<td>01:03:05.61<\/td>\n<td>&nbsp;<\/td>\n<\/tr>\n<tr>\n<td>118<\/td>\n<td>Quentin<\/td>\n<td>Baeriswyl<\/td>\n<td>Le Mouret<\/td>\n<td>2001<\/td>\n<td>00:49:43.63<\/td>\n<td>&nbsp;<\/td>\n<\/tr>\n<tr>\n<td>109<\/td>\n<td>Bastien<\/td>\n<td>Bock<\/td>\n<td>Tafers<\/td>\n<td>1999<\/td>\n<td>00:54:28.98<\/td>\n<td>&nbsp;<\/td>\n<\/tr>\n<tr>\n<td>132<\/td>\n<td>Daniela<\/td>\n<td>Bock-Schwaller<\/td>\n<td>Tafers<\/td>\n<td>1969<\/td>\n<td>00:59:47.41<\/td>\n<td>&nbsp;<\/td>\n<\/tr>\n<tr>\n<td>122<\/td>\n<td>Chris<\/td>\n<td>Boschung<\/td>\n<td>Russy<\/td>\n<td>2002<\/td>\n<td>01:19:43.44<\/td>\n<td>&nbsp;<\/td>\n<\/tr>\n<tr>\n<td>105<\/td>\n<td>Leila<\/td>\n<td>Brasey<\/td>\n<td>Pensier<\/td>\n<td>1997<\/td>\n<td>01:00:32.26<\/td>\n<td>&nbsp;<\/td>\n<\/tr>\n<tr>\n<td>134<\/td>\n<td>Nicolas<\/td>\n<td>Brunisholz<\/td>\n<td>Le Mouret<\/td>\n<td>1989<\/td>\n<td>00:54:17.26<\/td>\n<td>&nbsp;<\/td>\n<\/tr>\n<tr>\n<td>125<\/td>\n<td>Isabelle<\/td>\n<td>Burgy<\/td>\n<td>Autavaux<\/td>\n<td>1965<\/td>\n<td>00:58:30.76<\/td>\n<td>&nbsp;<\/td>\n<\/tr>\n<tr>\n<td>143<\/td>\n<td>Luzia<\/td>\n<td>Clement-Vonwil<\/td>\n<td>Le Mouret<\/td>\n<td>1963<\/td>\n<td>00:52:20.37<\/td>\n<td>&nbsp;<\/td>\n<\/tr>\n<tr>\n<td>17<\/td>\n<td>Alec<\/td>\n<td>Clerc<\/td>\n<td>Vucherens<\/td>\n<td>2005<\/td>\n<td>00:59:56.09<\/td>\n<td>&nbsp;<\/td>\n<\/tr>\n<tr>\n<td>18<\/td>\n<td>Laurent<\/td>\n<td>Clerc<\/td>\n<td>Vucherens<\/td>\n<td>1977<\/td>\n<td>00:59:37.26<\/td>\n<td>&nbsp;<\/td>\n<\/tr>\n<tr>\n<td>104<\/td>\n<td>Marine<\/td>\n<td>Clerc<\/td>\n<td>Marly<\/td>\n<td>1997<\/td>\n<td>01:06:53.62<\/td>\n<td>&nbsp;<\/td>\n<\/tr>\n<tr>\n<td>116<\/td>\n<td>Nad\u00e8ge<\/td>\n<td>Clerc<\/td>\n<td>Marly<\/td>\n<td>1999<\/td>\n<td>01:00:30.61<\/td>\n<td>&nbsp;<\/td>\n<\/tr>\n<tr>\n<td>117<\/td>\n<td>S\u00e9bastien<\/td>\n<td>Cl\u00e9ment<\/td>\n<td>Ferpicloz<\/td>\n<td>2002<\/td>\n<td>01:05:21.05<\/td>\n<td>&nbsp;<\/td>\n<\/tr>\n<tr>\n<td>129<\/td>\n<td>Francesca<\/td>\n<td>Cotting<\/td>\n<td>Estavayer-le-Lac<\/td>\n<td>1962<\/td>\n<td>01:04:02.58<\/td>\n<td>&nbsp;<\/td>\n<\/tr>\n<tr>\n<td>119<\/td>\n<td>Margaux<\/td>\n<td>Cotting<\/td>\n<td>Posieux<\/td>\n<td>2002<\/td>\n<td>01:01:30.97<\/td>\n<td>&nbsp;<\/td>\n<\/tr>\n<tr>\n<td>120<\/td>\n<td>Romane<\/td>\n<td>Cotting<\/td>\n<td>Ependes<\/td>\n<td>2003<\/td>\n<td>00:59:20.16<\/td>\n<td>&nbsp;<\/td>\n<\/tr>\n<tr>\n<td>142<\/td>\n<td>Christel<\/td>\n<td>Cuche<\/td>\n<td>Corcelles-pr\u00e8s-Payerne<\/td>\n<td>1972<\/td>\n<td>01:04:40.86<\/td>\n<td>&nbsp;<\/td>\n<\/tr>\n<tr>\n<td>112<\/td>\n<td>Alcina<\/td>\n<td>Cudr\u00e9-Mauroux<\/td>\n<td>Le Mouret<\/td>\n<td>1976<\/td>\n<td>01:08:11.87<\/td>\n<td>&nbsp;<\/td>\n<\/tr>\n<tr>\n<td>200<\/td>\n<td>Xavier<\/td>\n<td>Cudr\u00e9-Mauroux<\/td>\n<td>Le Mouret<\/td>\n<td>1976<\/td>\n<td>01:08:10.97<\/td>\n<td>&nbsp;<\/td>\n<\/tr>\n<tr>\n<td>138<\/td>\n<td>Maxime<\/td>\n<td>Denis<\/td>\n<td>France<\/td>\n<td>1994<\/td>\n<td>00:56:27.05<\/td>\n<td>&nbsp;<\/td>\n<\/tr>\n<tr>\n<td>114<\/td>\n<td>Ludmilla<\/td>\n<td>Dervey<\/td>\n<td>Bulle<\/td>\n<td>1989<\/td>\n<td>00:59:37.52<\/td>\n<td>&nbsp;<\/td>\n<\/tr>\n<tr>\n<td>202<\/td>\n<td>David<\/td>\n<td>Devaud<\/td>\n<td>Vuadens<\/td>\n<td>1968<\/td>\n<td>00:54:07.08<\/td>\n<td>&nbsp;<\/td>\n<\/tr>\n<tr>\n<td>136<\/td>\n<td>Tanguy<\/td>\n<td>Durussel<\/td>\n<td>Rossens<\/td>\n<td>1991<\/td>\n<td>00:52:10.84<\/td>\n<td>&nbsp;<\/td>\n<\/tr>\n<tr>\n<td>126<\/td>\n<td>D\u00e9lia<\/td>\n<td>Favre<\/td>\n<td>Epagny<\/td>\n<td>1994<\/td>\n<td>00:58:41.33<\/td>\n<td>&nbsp;<\/td>\n<\/tr>\n<tr>\n<td>139<\/td>\n<td>Laurence<\/td>\n<td>Gillard<\/td>\n<td>Le Mouret<\/td>\n<td>1969<\/td>\n<td>01:09:16.83<\/td>\n<td>&nbsp;<\/td>\n<\/tr>\n<tr>\n<td>130<\/td>\n<td>Ga\u00ebtan<\/td>\n<td>Gozel<\/td>\n<td>Giffers<\/td>\n<td>1981<\/td>\n<td>01:06:00.97<\/td>\n<td>&nbsp;<\/td>\n<\/tr>\n<tr>\n<td>103<\/td>\n<td>Manon<\/td>\n<td>Gumy<\/td>\n<td>Belfaux<\/td>\n<td>2003<\/td>\n<td>01:19:36.94<\/td>\n<td>&nbsp;<\/td>\n<\/tr>\n<tr>\n<td>124<\/td>\n<td>Sylvie<\/td>\n<td>Jutzet<\/td>\n<td>Ferpicloz<\/td>\n<td>1974<\/td>\n<td>00:56:02.09<\/td>\n<td>&nbsp;<\/td>\n<\/tr>\n<tr>\n<td>205<\/td>\n<td>Chavaillaz<\/td>\n<td>Laurent<\/td>\n<td>Cottens<\/td>\n<td>1983<\/td>\n<td>00:57:50.87<\/td>\n<td>&nbsp;<\/td>\n<\/tr>\n<tr>\n<td>133<\/td>\n<td>Laetitia<\/td>\n<td>Monney<\/td>\n<td>Le Mouret<\/td>\n<td>1987<\/td>\n<td>01:05:07.41<\/td>\n<td>&nbsp;<\/td>\n<\/tr>\n<tr>\n<td>121<\/td>\n<td>Kevin<\/td>\n<td>Neuhaus<\/td>\n<td>Marly<\/td>\n<td>1993<\/td>\n<td>01:06:54.08<\/td>\n<td>&nbsp;<\/td>\n<\/tr>\n<tr>\n<td>101<\/td>\n<td>Christian<\/td>\n<td>Noser<\/td>\n<td>Villarimboud<\/td>\n<td>1975<\/td>\n<td>00:54:30.69<\/td>\n<td>&nbsp;<\/td>\n<\/tr>\n<tr>\n<td>106<\/td>\n<td>Lo\u00efc<\/td>\n<td>Oberson<\/td>\n<td>Ependes<\/td>\n<td>2003<\/td>\n<td>01:19:35.48<\/td>\n<td>&nbsp;<\/td>\n<\/tr>\n<tr>\n<td>111<\/td>\n<td>Thomas<\/td>\n<td>Oberson<\/td>\n<td>La Tour-de Tr\u00eame<\/td>\n<td>2000<\/td>\n<td>01:19:33.69<\/td>\n<td>&nbsp;<\/td>\n<\/tr>\n<tr>\n<td>140<\/td>\n<td>Fran\u00e7ois<\/td>\n<td>Ortega<\/td>\n<td>Le Mouret<\/td>\n<td>1966<\/td>\n<td>00:57:49.19<\/td>\n<td>&nbsp;<\/td>\n<\/tr>\n<tr>\n<td>203<\/td>\n<td>Cyril<\/td>\n<td>Pillonel<\/td>\n<td>Villarlod<\/td>\n<td>1982<\/td>\n<td>00:45:39.33<\/td>\n<td>&nbsp;<\/td>\n<\/tr>\n<tr>\n<td>204<\/td>\n<td>Daniel<\/td>\n<td>Pillonel<\/td>\n<td>Vuisternens-en-Ogoz<\/td>\n<td>1982<\/td>\n<td>00:45:39.91<\/td>\n<td>&nbsp;<\/td>\n<\/tr>\n<tr>\n<td>113<\/td>\n<td>Alyssia<\/td>\n<td>Richard<\/td>\n<td>Arconciel<\/td>\n<td>1995<\/td>\n<td>01:00:39.69<\/td>\n<td>&nbsp;<\/td>\n<\/tr>\n<tr>\n<td>131<\/td>\n<td>Ana\u00eblle<\/td>\n<td>Rumo<\/td>\n<td>Giffers<\/td>\n<td>1992<\/td>\n<td>01:05:59.98<\/td>\n<td>&nbsp;<\/td>\n<\/tr>\n<tr>\n<td>127<\/td>\n<td>Nadia<\/td>\n<td>Schneider<\/td>\n<td>Corpataux<\/td>\n<td>1995<\/td>\n<td>00:58:51.66<\/td>\n<td>&nbsp;<\/td>\n<\/tr>\n<tr>\n<td>115<\/td>\n<td>Margaux<\/td>\n<td>Simonet<\/td>\n<td>Fribourg<\/td>\n<td>1996<\/td>\n<td>01:01:58.76<\/td>\n<td>&nbsp;<\/td>\n<\/tr>\n<tr>\n<td>110<\/td>\n<td>L\u00e9onie<\/td>\n<td>Waeber<\/td>\n<td>Treyvaux<\/td>\n<td>2002<\/td>\n<td>01:34:07.26<\/td>\n<td>&nbsp;<\/td>\n<\/tr>\n<tr>\n<td>128<\/td>\n<td>Dominique<\/td>\n<td>Zamboni<\/td>\n<td>Estavayer-le-Lac<\/td>\n<td>1962<\/td>\n<td>01:01:05.73<\/td>\n<td>&nbsp;<\/td>\n<\/tr>\n<tr>\n<td>102<\/td>\n<td>Coraline<\/td>\n<td>Zosso<\/td>\n<td>Essert<\/td>\n<td>2002<\/td>\n<td>01:34:06.87<\/td>\n<\/tr>\n<\/tbody>\n<\/table>\n","protected":false},"excerpt":{"rendered":"<p>junior femme rang dossard &nbsp; &nbsp; &nbsp; &nbsp; temps diff\u00e9rence scratch &nbsp; &nbsp; 1 58 Ana\u00efs Gusset Payerne 2011 01:10:11.47 &nbsp; 85 &nbsp; 2 57 Lucia Cuche Corcelles-Pr\u00e8s-Payerne 2008 01:20:09.58 00:09:58.11 91 &nbsp; junior homme rang dossard &nbsp; &nbsp; &nbsp; &nbsp; temps diff\u00e9rence scratch &nbsp; &nbsp; 1 2 Simon Pilet Le Mouret 2011 00:41:16.73 &nbsp; &hellip; <\/p>\n<p class=\"link-more\"><a href=\"https:\/\/www.cousimbertical.ch\/?page_id=768\" class=\"more-link\">Continue reading<span class=\"screen-reader-text\"> &#8220;r\u00e9sultats 2024&#8221;<\/span><\/a><\/p>\n","protected":false},"author":2,"featured_media":0,"parent":0,"menu_order":0,"comment_status":"closed","ping_status":"closed","template":"","meta":{"ngg_post_thumbnail":0,"footnotes":""},"class_list":["post-768","page","type-page","status-publish","hentry"],"_links":{"self":[{"href":"https:\/\/www.cousimbertical.ch\/index.php?rest_route=\/wp\/v2\/pages\/768","targetHints":{"allow":["GET"]}}],"collection":[{"href":"https:\/\/www.cousimbertical.ch\/index.php?rest_route=\/wp\/v2\/pages"}],"about":[{"href":"https:\/\/www.cousimbertical.ch\/index.php?rest_route=\/wp\/v2\/types\/page"}],"author":[{"embeddable":true,"href":"https:\/\/www.cousimbertical.ch\/index.php?rest_route=\/wp\/v2\/users\/2"}],"replies":[{"embeddable":true,"href":"https:\/\/www.cousimbertical.ch\/index.php?rest_route=%2Fwp%2Fv2%2Fcomments&post=768"}],"version-history":[{"count":2,"href":"https:\/\/www.cousimbertical.ch\/index.php?rest_route=\/wp\/v2\/pages\/768\/revisions"}],"predecessor-version":[{"id":770,"href":"https:\/\/www.cousimbertical.ch\/index.php?rest_route=\/wp\/v2\/pages\/768\/revisions\/770"}],"wp:attachment":[{"href":"https:\/\/www.cousimbertical.ch\/index.php?rest_route=%2Fwp%2Fv2%2Fmedia&parent=768"}],"curies":[{"name":"wp","href":"https:\/\/api.w.org\/{rel}","templated":true}]}}