{"id":8187,"date":"2026-05-02T14:41:47","date_gmt":"2026-05-02T12:41:47","guid":{"rendered":"https:\/\/www.cousimbertical.ch\/?page_id=8187"},"modified":"2026-05-02T14:42:40","modified_gmt":"2026-05-02T12:42:40","slug":"resultats-2025","status":"publish","type":"page","link":"https:\/\/www.cousimbertical.ch\/?page_id=8187","title":{"rendered":"R\u00e9sultats 2025"},"content":{"rendered":"<div class=\"entry-content\">\n<h1>junior femme<\/h1>\n<table>\n<thead>\n<tr>\n<th>rang<\/th>\n<th>dossard<\/th>\n<th><\/th>\n<th><\/th>\n<th><\/th>\n<th><\/th>\n<th>temps<\/th>\n<th>diff\u00e9rence<\/th>\n<th>scratch<\/th>\n<th><\/th>\n<th><\/th>\n<\/tr>\n<\/thead>\n<tbody>\n<tr>\n<td>1<\/td>\n<td>50<\/td>\n<td>Alice<\/td>\n<td>Perroud<\/td>\n<td>Enney<\/td>\n<td>2008<\/td>\n<td>00:56:31.25<\/td>\n<td><\/td>\n<td>71<\/td>\n<td><\/td>\n<\/tr>\n<tr>\n<td>2<\/td>\n<td>57<\/td>\n<td>Ana\u00efs<\/td>\n<td>Gusset<\/td>\n<td>Payerne<\/td>\n<td>2011<\/td>\n<td>01:16:42.18<\/td>\n<td>00:20:10.93<\/td>\n<td>97<\/td>\n<td><\/td>\n<\/tr>\n<\/tbody>\n<\/table>\n<h1>junior homme<\/h1>\n<table>\n<thead>\n<tr>\n<th>rang<\/th>\n<th>dossard<\/th>\n<th><\/th>\n<th><\/th>\n<th><\/th>\n<th><\/th>\n<th>temps<\/th>\n<th>diff\u00e9rence<\/th>\n<th>scratch<\/th>\n<th><\/th>\n<th><\/th>\n<\/tr>\n<\/thead>\n<tbody>\n<tr>\n<td>1<\/td>\n<td>21<\/td>\n<td>Gregory<\/td>\n<td>Sciboz<\/td>\n<td>Le Mouret<\/td>\n<td>2008<\/td>\n<td>00:35:19.05<\/td>\n<td><\/td>\n<td>10<\/td>\n<td><\/td>\n<\/tr>\n<tr>\n<td>2<\/td>\n<td>34<\/td>\n<td>Simon<\/td>\n<td>Pilet<\/td>\n<td>Le Mouret<\/td>\n<td>2011<\/td>\n<td>00:38:09.44<\/td>\n<td>00:02:50.38<\/td>\n<td>19<\/td>\n<td><\/td>\n<\/tr>\n<tr>\n<td>3<\/td>\n<td>35<\/td>\n<td>Emmanuel<\/td>\n<td>Pilet<\/td>\n<td>Le Mouret<\/td>\n<td>2014<\/td>\n<td>00:42:10.48<\/td>\n<td>00:06:51.43<\/td>\n<td>28<\/td>\n<td><\/td>\n<\/tr>\n<tr>\n<td>4<\/td>\n<td>27<\/td>\n<td>Adrien<\/td>\n<td>Zosso<\/td>\n<td>Le Mouret<\/td>\n<td>2009<\/td>\n<td>00:48:29.86<\/td>\n<td>00:13:10.80<\/td>\n<td>46<\/td>\n<td><\/td>\n<\/tr>\n<\/tbody>\n<\/table>\n<h1>senior femme<\/h1>\n<table>\n<thead>\n<tr>\n<th>rang<\/th>\n<th>dossard<\/th>\n<th><\/th>\n<th><\/th>\n<th><\/th>\n<th><\/th>\n<th>temps<\/th>\n<th>diff\u00e9rence<\/th>\n<th>scratch<\/th>\n<th><\/th>\n<th><\/th>\n<\/tr>\n<\/thead>\n<tbody>\n<tr>\n<td>1<\/td>\n<td>40<\/td>\n<td>Lisa<\/td>\n<td>Schubnell<\/td>\n<td>Neuch\u00e2tel<\/td>\n<td>1995<\/td>\n<td>00:36:56.27<\/td>\n<td><\/td>\n<td>11<\/td>\n<td><\/td>\n<\/tr>\n<tr>\n<td>2<\/td>\n<td>9<\/td>\n<td>Nathalie<\/td>\n<td>Riser-Philipp<\/td>\n<td>Farvagny-le-Petit<\/td>\n<td>1992<\/td>\n<td>00:38:08.09<\/td>\n<td>00:01:11.81<\/td>\n<td>18<\/td>\n<td><\/td>\n<\/tr>\n<tr>\n<td>3<\/td>\n<td>31<\/td>\n<td>Aur\u00e9lie<\/td>\n<td>Schaefer<\/td>\n<td>Villeneuve<\/td>\n<td>1997<\/td>\n<td>00:42:37.23<\/td>\n<td>00:05:40.95<\/td>\n<td>31<\/td>\n<td><\/td>\n<\/tr>\n<tr>\n<td>4<\/td>\n<td>22<\/td>\n<td>Elodie<\/td>\n<td>Girard<\/td>\n<td>Enney<\/td>\n<td>1990<\/td>\n<td>00:43:41.50<\/td>\n<td>00:06:45.22<\/td>\n<td>34<\/td>\n<td><\/td>\n<\/tr>\n<tr>\n<td>5<\/td>\n<td>41<\/td>\n<td>Virginie<\/td>\n<td>Dutoit<\/td>\n<td>Orsonnens<\/td>\n<td>1982<\/td>\n<td>00:45:54.16<\/td>\n<td>00:08:57.88<\/td>\n<td>40<\/td>\n<td><\/td>\n<\/tr>\n<tr>\n<td>6<\/td>\n<td>28<\/td>\n<td>Genevi\u00e8ve<\/td>\n<td>Delaloye<\/td>\n<td>Anz\u00e8re<\/td>\n<td>1967<\/td>\n<td>00:48:41.63<\/td>\n<td>00:11:45.36<\/td>\n<td>47<\/td>\n<td><\/td>\n<\/tr>\n<tr>\n<td>7<\/td>\n<td>26<\/td>\n<td>Elo\u00efse<\/td>\n<td>Perritaz<\/td>\n<td>Treyvaux<\/td>\n<td>2001<\/td>\n<td>00:49:25.27<\/td>\n<td>00:12:29.00<\/td>\n<td>48<\/td>\n<td><\/td>\n<\/tr>\n<tr>\n<td>8<\/td>\n<td>24<\/td>\n<td>Valerie<\/td>\n<td>Bapst<\/td>\n<td>botterens<\/td>\n<td>1972<\/td>\n<td>00:50:50.54<\/td>\n<td>00:13:54.26<\/td>\n<td>54<\/td>\n<td><\/td>\n<\/tr>\n<tr>\n<td>9<\/td>\n<td>15<\/td>\n<td>Laure<\/td>\n<td>Monney<\/td>\n<td>Z\u00e9nauva<\/td>\n<td>1998<\/td>\n<td>00:53:39.70<\/td>\n<td>00:16:43.43<\/td>\n<td>61<\/td>\n<td><\/td>\n<\/tr>\n<\/tbody>\n<\/table>\n<h1>senior homme<\/h1>\n<table>\n<thead>\n<tr>\n<th>rang<\/th>\n<th>dossard<\/th>\n<th><\/th>\n<th><\/th>\n<th><\/th>\n<th><\/th>\n<th>temps<\/th>\n<th>diff\u00e9rence<\/th>\n<th>scratch<\/th>\n<th><\/th>\n<th><\/th>\n<\/tr>\n<\/thead>\n<tbody>\n<tr>\n<td>1<\/td>\n<td>2<\/td>\n<td>Romain<\/td>\n<td>Juillerat<\/td>\n<td>Marly<\/td>\n<td>1996<\/td>\n<td>00:28:17.81<\/td>\n<td><\/td>\n<td>1<\/td>\n<td><\/td>\n<\/tr>\n<tr>\n<td>2<\/td>\n<td>43<\/td>\n<td>Carel<\/td>\n<td>Gavillet<\/td>\n<td>Avry-devant-Pont<\/td>\n<td>2001<\/td>\n<td>00:30:18.23<\/td>\n<td>00:02:00.41<\/td>\n<td>2<\/td>\n<td><\/td>\n<\/tr>\n<tr>\n<td>3<\/td>\n<td>4<\/td>\n<td>Vincent<\/td>\n<td>Riser<\/td>\n<td>Farvagny-le-Petit<\/td>\n<td>1991<\/td>\n<td>00:30:36.62<\/td>\n<td>00:02:18.80<\/td>\n<td>3<\/td>\n<td><\/td>\n<\/tr>\n<tr>\n<td>4<\/td>\n<td>6<\/td>\n<td>St\u00e9phane<\/td>\n<td>Audriaz<\/td>\n<td>Marly<\/td>\n<td>1996<\/td>\n<td>00:30:57.44<\/td>\n<td>00:02:39.62<\/td>\n<td>4<\/td>\n<td><\/td>\n<\/tr>\n<tr>\n<td>5<\/td>\n<td>1<\/td>\n<td>T\u00e9rence<\/td>\n<td>Risse<\/td>\n<td>Neuch\u00e2tel<\/td>\n<td>1993<\/td>\n<td>00:31:23.18<\/td>\n<td>00:03:05.36<\/td>\n<td>5<\/td>\n<td><\/td>\n<\/tr>\n<tr>\n<td>6<\/td>\n<td>33<\/td>\n<td>Karim<\/td>\n<td>Ghlam<\/td>\n<td>Villarsel-le-Gibloux<\/td>\n<td>1985<\/td>\n<td>00:31:57.70<\/td>\n<td>00:03:39.88<\/td>\n<td>6<\/td>\n<td><\/td>\n<\/tr>\n<tr>\n<td>7<\/td>\n<td>49<\/td>\n<td>Joaquim<\/td>\n<td>Perrenoud<\/td>\n<td>1731 Ependes FR<\/td>\n<td>1988<\/td>\n<td>00:32:59.36<\/td>\n<td>00:04:41.54<\/td>\n<td>7<\/td>\n<td><\/td>\n<\/tr>\n<tr>\n<td>8<\/td>\n<td>3<\/td>\n<td>J\u00e9r\u00e9my<\/td>\n<td>Cl\u00e9ment<\/td>\n<td>Marly<\/td>\n<td>2000<\/td>\n<td>00:33:54.48<\/td>\n<td>00:05:36.66<\/td>\n<td>8<\/td>\n<td><\/td>\n<\/tr>\n<tr>\n<td>9<\/td>\n<td>8<\/td>\n<td>Nathana\u00ebl<\/td>\n<td>Oudin<\/td>\n<td>Le Mouret<\/td>\n<td>1981<\/td>\n<td>00:34:46.02<\/td>\n<td>00:06:28.20<\/td>\n<td>9<\/td>\n<td><\/td>\n<\/tr>\n<tr>\n<td>10<\/td>\n<td>7<\/td>\n<td>C\u00e9dric<\/td>\n<td>Piccand<\/td>\n<td>Corpataux<\/td>\n<td>1975<\/td>\n<td>00:37:05.05<\/td>\n<td>00:08:47.23<\/td>\n<td>12<\/td>\n<td><\/td>\n<\/tr>\n<tr>\n<td>11<\/td>\n<td>52<\/td>\n<td>Nicolas<\/td>\n<td>Kessler<\/td>\n<td>Orsonnens<\/td>\n<td>1974<\/td>\n<td>00:37:18.27<\/td>\n<td>00:09:00.45<\/td>\n<td>13<\/td>\n<td><\/td>\n<\/tr>\n<tr>\n<td>12<\/td>\n<td>32<\/td>\n<td>Quentin<\/td>\n<td>Mauron<\/td>\n<td>Farvagny-le-Grand<\/td>\n<td>1997<\/td>\n<td>00:37:33.94<\/td>\n<td>00:09:16.12<\/td>\n<td>14<\/td>\n<td><\/td>\n<\/tr>\n<tr>\n<td>13<\/td>\n<td>51<\/td>\n<td>Bastien<\/td>\n<td>Cl\u00e9ment<\/td>\n<td>Vuadens<\/td>\n<td>2002<\/td>\n<td>00:37:41.51<\/td>\n<td>00:09:23.69<\/td>\n<td>15<\/td>\n<td><\/td>\n<\/tr>\n<tr>\n<td>14<\/td>\n<td>55<\/td>\n<td>Jean-Bernard<\/td>\n<td>Kolly<\/td>\n<td>Tentlingen<\/td>\n<td>1979<\/td>\n<td>00:37:53.11<\/td>\n<td>00:09:35.29<\/td>\n<td>16<\/td>\n<td><\/td>\n<\/tr>\n<tr>\n<td>15<\/td>\n<td>14<\/td>\n<td>Axel<\/td>\n<td>Cl\u00e9ment<\/td>\n<td>Grolley<\/td>\n<td>1992<\/td>\n<td>00:38:01.36<\/td>\n<td>00:09:43.54<\/td>\n<td>17<\/td>\n<td><\/td>\n<\/tr>\n<tr>\n<td>16<\/td>\n<td>5<\/td>\n<td>Jean-Claude<\/td>\n<td>Pache<\/td>\n<td>Lussy<\/td>\n<td>1965<\/td>\n<td>00:38:27.87<\/td>\n<td>00:10:10.05<\/td>\n<td>20<\/td>\n<td><\/td>\n<\/tr>\n<tr>\n<td>17<\/td>\n<td>12<\/td>\n<td>Philippe<\/td>\n<td>Schuwey<\/td>\n<td>Le Mouret<\/td>\n<td>1969<\/td>\n<td>00:38:37.73<\/td>\n<td>00:10:19.91<\/td>\n<td>21<\/td>\n<td><\/td>\n<\/tr>\n<tr>\n<td>18<\/td>\n<td>25<\/td>\n<td>Yannick<\/td>\n<td>Jolliet<\/td>\n<td>Marsens<\/td>\n<td>1989<\/td>\n<td>00:38:50.55<\/td>\n<td>00:10:32.73<\/td>\n<td>22<\/td>\n<td><\/td>\n<\/tr>\n<tr>\n<td>19<\/td>\n<td>54<\/td>\n<td>Fabian<\/td>\n<td>Kolly<\/td>\n<td>Bonnefontaine<\/td>\n<td>2005<\/td>\n<td>00:38:52.93<\/td>\n<td>00:10:35.11<\/td>\n<td>23<\/td>\n<td><\/td>\n<\/tr>\n<tr>\n<td>20<\/td>\n<td>56<\/td>\n<td>Christophe<\/td>\n<td>Bapst<\/td>\n<td>Fribourg<\/td>\n<td>1982<\/td>\n<td>00:39:41.84<\/td>\n<td>00:11:24.02<\/td>\n<td>24<\/td>\n<td><\/td>\n<\/tr>\n<tr>\n<td>21<\/td>\n<td>37<\/td>\n<td>Francis<\/td>\n<td>Bielmann<\/td>\n<td>La Roche<\/td>\n<td>1964<\/td>\n<td>00:40:18.26<\/td>\n<td>00:12:00.44<\/td>\n<td>25<\/td>\n<td><\/td>\n<\/tr>\n<tr>\n<td>22<\/td>\n<td>45<\/td>\n<td>Ga\u00ebl<\/td>\n<td>Monnard<\/td>\n<td>Attalens<\/td>\n<td>2000<\/td>\n<td>00:41:38.06<\/td>\n<td>00:13:20.25<\/td>\n<td>26<\/td>\n<td><\/td>\n<\/tr>\n<tr>\n<td>23<\/td>\n<td>30<\/td>\n<td>R\u00e9my<\/td>\n<td>Berset<\/td>\n<td>Ependes<\/td>\n<td>1993<\/td>\n<td>00:41:47.01<\/td>\n<td>00:13:29.19<\/td>\n<td>27<\/td>\n<td><\/td>\n<\/tr>\n<tr>\n<td>24<\/td>\n<td>17<\/td>\n<td>Florian<\/td>\n<td>Rumo<\/td>\n<td>Arconciel<\/td>\n<td>1990<\/td>\n<td>00:42:12.61<\/td>\n<td>00:13:54.79<\/td>\n<td>29<\/td>\n<td><\/td>\n<\/tr>\n<tr>\n<td>25<\/td>\n<td>10<\/td>\n<td>Philippe<\/td>\n<td>Simonet<\/td>\n<td>Fribourg<\/td>\n<td>1966<\/td>\n<td>00:42:30.30<\/td>\n<td>00:14:12.48<\/td>\n<td>30<\/td>\n<td><\/td>\n<\/tr>\n<tr>\n<td>26<\/td>\n<td>44<\/td>\n<td>Romain<\/td>\n<td>Bovigny<\/td>\n<td>Nierlet-les-Bois<\/td>\n<td>2001<\/td>\n<td>00:42:50.68<\/td>\n<td>00:14:32.86<\/td>\n<td>32<\/td>\n<td><\/td>\n<\/tr>\n<tr>\n<td>27<\/td>\n<td>53<\/td>\n<td>Nicolas<\/td>\n<td>Bongard<\/td>\n<td>Charmey<\/td>\n<td>1988<\/td>\n<td>00:44:07.26<\/td>\n<td>00:15:49.44<\/td>\n<td>35<\/td>\n<td><\/td>\n<\/tr>\n<tr>\n<td>28<\/td>\n<td>11<\/td>\n<td>Nicolas<\/td>\n<td>Terreaux<\/td>\n<td>Z\u00e9nauva<\/td>\n<td>1998<\/td>\n<td>00:44:33.34<\/td>\n<td>00:16:15.52<\/td>\n<td>36<\/td>\n<td><\/td>\n<\/tr>\n<tr>\n<td>29<\/td>\n<td>46<\/td>\n<td>Gabriel<\/td>\n<td>De Biase<\/td>\n<td>Chatel-St-Denis<\/td>\n<td>2001<\/td>\n<td>00:44:37.30<\/td>\n<td>00:16:19.48<\/td>\n<td>37<\/td>\n<td><\/td>\n<\/tr>\n<tr>\n<td>30<\/td>\n<td>20<\/td>\n<td>Gilles<\/td>\n<td>Ruffieux<\/td>\n<td>Fribourg<\/td>\n<td>1991<\/td>\n<td>00:45:16.94<\/td>\n<td>00:16:59.12<\/td>\n<td>38<\/td>\n<td><\/td>\n<\/tr>\n<tr>\n<td>31<\/td>\n<td>42<\/td>\n<td>Cyril<\/td>\n<td>Verbois<\/td>\n<td>Blonay<\/td>\n<td>1996<\/td>\n<td>00:45:22.05<\/td>\n<td>00:17:04.23<\/td>\n<td>39<\/td>\n<td><\/td>\n<\/tr>\n<tr>\n<td>32<\/td>\n<td>36<\/td>\n<td>Roberto<\/td>\n<td>Canonica<\/td>\n<td>Fribourg<\/td>\n<td>1996<\/td>\n<td>00:46:02.12<\/td>\n<td>00:17:44.30<\/td>\n<td>41<\/td>\n<td><\/td>\n<\/tr>\n<tr>\n<td>33<\/td>\n<td>29<\/td>\n<td>Marco<\/td>\n<td>Pittau<\/td>\n<td>La Roche<\/td>\n<td>1980<\/td>\n<td>00:46:07.41<\/td>\n<td>00:17:49.59<\/td>\n<td>42<\/td>\n<td><\/td>\n<\/tr>\n<tr>\n<td>34<\/td>\n<td>129<\/td>\n<td>Fran\u00e7ois<\/td>\n<td>Weissbaum<\/td>\n<td><\/td>\n<td>1967<\/td>\n<td>00:47:51.68<\/td>\n<td>00:19:33.86<\/td>\n<td>44<\/td>\n<td><\/td>\n<\/tr>\n<tr>\n<td>35<\/td>\n<td>19<\/td>\n<td>Eric<\/td>\n<td>Monney<\/td>\n<td>Sen\u00e8des<\/td>\n<td>1998<\/td>\n<td>00:48:02.30<\/td>\n<td>00:19:44.48<\/td>\n<td>45<\/td>\n<td><\/td>\n<\/tr>\n<tr>\n<td>36<\/td>\n<td>18<\/td>\n<td>Tanguy<\/td>\n<td>Durussel<\/td>\n<td>Rossens<\/td>\n<td>1991<\/td>\n<td>00:49:40.52<\/td>\n<td>00:21:22.70<\/td>\n<td>49<\/td>\n<td><\/td>\n<\/tr>\n<tr>\n<td>37<\/td>\n<td>23<\/td>\n<td>Jean-Marc<\/td>\n<td>Sottas<\/td>\n<td>Le Mouret<\/td>\n<td>1965<\/td>\n<td>00:50:32.37<\/td>\n<td>00:22:14.55<\/td>\n<td>52<\/td>\n<td><\/td>\n<\/tr>\n<tr>\n<td>38<\/td>\n<td>16<\/td>\n<td>Quentin<\/td>\n<td>David<\/td>\n<td>Pringy<\/td>\n<td>1996<\/td>\n<td>00:51:55.08<\/td>\n<td>00:23:37.26<\/td>\n<td>55<\/td>\n<td><\/td>\n<\/tr>\n<tr>\n<td>39<\/td>\n<td>47<\/td>\n<td>Jean-Baptiste<\/td>\n<td>Kolly<\/td>\n<td>Marly<\/td>\n<td>1964<\/td>\n<td>00:55:01.50<\/td>\n<td>00:26:43.68<\/td>\n<td>68<\/td>\n<td><\/td>\n<\/tr>\n<tr>\n<td>40<\/td>\n<td>13<\/td>\n<td>Samuel<\/td>\n<td>Favre<\/td>\n<td>Bulle<\/td>\n<td>1992<\/td>\n<td>00:57:28.51<\/td>\n<td>00:29:10.69<\/td>\n<td>75<\/td>\n<td><\/td>\n<\/tr>\n<tr>\n<td>41<\/td>\n<td>39<\/td>\n<td>Ga\u00ebtan<\/td>\n<td>Gozel<\/td>\n<td>Giffers<\/td>\n<td>1981<\/td>\n<td>00:59:11.68<\/td>\n<td>00:30:53.86<\/td>\n<td>80<\/td>\n<td><\/td>\n<\/tr>\n<\/tbody>\n<\/table>\n<h1>populaire<\/h1>\n<table>\n<thead>\n<tr>\n<th>dossard<\/th>\n<th><\/th>\n<th><\/th>\n<th><\/th>\n<th><\/th>\n<th>temps<\/th>\n<th><\/th>\n<th><\/th>\n<\/tr>\n<\/thead>\n<tbody>\n<tr>\n<td>122<\/td>\n<td>Marie-Claire<\/td>\n<td>Aebischer<\/td>\n<td>Le Mouret<\/td>\n<td>1959<\/td>\n<td>01:14:00.22<\/td>\n<td><\/td>\n<\/tr>\n<tr>\n<td>123<\/td>\n<td>Laurence<\/td>\n<td>Andrey<\/td>\n<td>Ependes<\/td>\n<td>1967<\/td>\n<td>01:05:05.51<\/td>\n<td><\/td>\n<\/tr>\n<tr>\n<td>142<\/td>\n<td>Allison<\/td>\n<td>Barroso<\/td>\n<td>Le Mouret<\/td>\n<td>1991<\/td>\n<td>00:55:24.23<\/td>\n<td><\/td>\n<\/tr>\n<tr>\n<td>118<\/td>\n<td>Alexandre<\/td>\n<td>Berset<\/td>\n<td>Penthaz<\/td>\n<td>1996<\/td>\n<td>00:50:31.34<\/td>\n<td><\/td>\n<\/tr>\n<tr>\n<td>144<\/td>\n<td>Marie-Eve<\/td>\n<td>Bifrare<\/td>\n<td>Orsonnens<\/td>\n<td>1986<\/td>\n<td>00:50:47.88<\/td>\n<td><\/td>\n<\/tr>\n<tr>\n<td>101<\/td>\n<td>Leila<\/td>\n<td>Brasey<\/td>\n<td>Pensier<\/td>\n<td>1997<\/td>\n<td>00:57:39.38<\/td>\n<td><\/td>\n<\/tr>\n<tr>\n<td>140<\/td>\n<td>Graziella<\/td>\n<td>Brunet<\/td>\n<td>Chevroux<\/td>\n<td>1961<\/td>\n<td>01:05:01.27<\/td>\n<td><\/td>\n<\/tr>\n<tr>\n<td>112<\/td>\n<td>Nicolas<\/td>\n<td>Brunisholz<\/td>\n<td>Le Mouret<\/td>\n<td>1989<\/td>\n<td>00:52:19.41<\/td>\n<td><\/td>\n<\/tr>\n<tr>\n<td>104<\/td>\n<td>Fr\u00e9d\u00e9ric<\/td>\n<td>Br\u00fcgger<\/td>\n<td>Ependes<\/td>\n<td>1984<\/td>\n<td>00:54:30.66<\/td>\n<td><\/td>\n<\/tr>\n<tr>\n<td>103<\/td>\n<td>Sylvie<\/td>\n<td>Br\u00fcgger<\/td>\n<td>Ependes<\/td>\n<td>1985<\/td>\n<td>00:56:35.98<\/td>\n<td><\/td>\n<\/tr>\n<tr>\n<td>111<\/td>\n<td>David<\/td>\n<td>Bugnon<\/td>\n<td>Riaz<\/td>\n<td>1992<\/td>\n<td>01:05:37.06<\/td>\n<td><\/td>\n<\/tr>\n<tr>\n<td>125<\/td>\n<td>isabelle<\/td>\n<td>Burgy<\/td>\n<td>Autavaux<\/td>\n<td>1965<\/td>\n<td>01:01:06.08<\/td>\n<td><\/td>\n<\/tr>\n<tr>\n<td>126<\/td>\n<td>Francesca<\/td>\n<td>Cotting<\/td>\n<td>Estavayer-le-Lac<\/td>\n<td>1962<\/td>\n<td>01:07:02.58<\/td>\n<td><\/td>\n<\/tr>\n<tr>\n<td>109<\/td>\n<td>Margaux<\/td>\n<td>Cotting<\/td>\n<td>Arconciel<\/td>\n<td>2002<\/td>\n<td>00:53:34.33<\/td>\n<td><\/td>\n<\/tr>\n<tr>\n<td>116<\/td>\n<td>St\u00e9phanie<\/td>\n<td>Cotting<\/td>\n<td>Ferpicloz<\/td>\n<td>1974<\/td>\n<td>00:53:50.63<\/td>\n<td><\/td>\n<\/tr>\n<tr>\n<td>107<\/td>\n<td>Patrice<\/td>\n<td>Deschenaux<\/td>\n<td>Ependes<\/td>\n<td>1980<\/td>\n<td>00:52:23.93<\/td>\n<td><\/td>\n<\/tr>\n<tr>\n<td>130<\/td>\n<td>C\u00e9dric<\/td>\n<td>Ehrbar<\/td>\n<td>Hauteville<\/td>\n<td>1985<\/td>\n<td>01:01:47.27<\/td>\n<td><\/td>\n<\/tr>\n<tr>\n<td>121<\/td>\n<td>Lydia<\/td>\n<td>Ehrbar<\/td>\n<td>Hauteville<\/td>\n<td>1985<\/td>\n<td>01:01:43.16<\/td>\n<td><\/td>\n<\/tr>\n<tr>\n<td>106<\/td>\n<td>Delia<\/td>\n<td>Favre<\/td>\n<td>Bulle<\/td>\n<td>1994<\/td>\n<td>01:00:42.16<\/td>\n<td><\/td>\n<\/tr>\n<tr>\n<td>143<\/td>\n<td>Olivier<\/td>\n<td>Frein<\/td>\n<td>Le Mouret<\/td>\n<td>1975<\/td>\n<td>00:53:23.90<\/td>\n<td><\/td>\n<\/tr>\n<tr>\n<td>141<\/td>\n<td>Sandrine<\/td>\n<td>Kohli<\/td>\n<td>Fribourg<\/td>\n<td>1980<\/td>\n<td>00:54:29.45<\/td>\n<td><\/td>\n<\/tr>\n<tr>\n<td>127<\/td>\n<td>R\u00e9my<\/td>\n<td>Magnin<\/td>\n<td>La roche<\/td>\n<td>2001<\/td>\n<td>00:43:08.88<\/td>\n<td><\/td>\n<\/tr>\n<tr>\n<td>138<\/td>\n<td>Nathan<\/td>\n<td>Marilley<\/td>\n<td>Granges-Paccot<\/td>\n<td>1997<\/td>\n<td>00:53:46.02<\/td>\n<td><\/td>\n<\/tr>\n<tr>\n<td>139<\/td>\n<td>Sandra<\/td>\n<td>Marilley<\/td>\n<td>Granges-Paccot<\/td>\n<td>1969<\/td>\n<td>00:59:11.16<\/td>\n<td><\/td>\n<\/tr>\n<tr>\n<td>134<\/td>\n<td>Kevin<\/td>\n<td>Neuhaus<\/td>\n<td>Marly<\/td>\n<td>1993<\/td>\n<td>01:04:06.91<\/td>\n<td><\/td>\n<\/tr>\n<tr>\n<td>124<\/td>\n<td>Christian<\/td>\n<td>Noser<\/td>\n<td>1691 Villarimboud<\/td>\n<td>1975<\/td>\n<td>00:50:23.48<\/td>\n<td><\/td>\n<\/tr>\n<tr>\n<td>133<\/td>\n<td>Adeline<\/td>\n<td>Oberson<\/td>\n<td>D\u00fcdingen<\/td>\n<td>1999<\/td>\n<td>00:59:09.19<\/td>\n<td><\/td>\n<\/tr>\n<tr>\n<td>117<\/td>\n<td>Alicia<\/td>\n<td>Peiry<\/td>\n<td>Treyvaux<\/td>\n<td>2002<\/td>\n<td>00:56:55.79<\/td>\n<td><\/td>\n<\/tr>\n<tr>\n<td>114<\/td>\n<td>Jacqueline<\/td>\n<td>Perler<\/td>\n<td>Treyvaux<\/td>\n<td>1968<\/td>\n<td>00:57:38.81<\/td>\n<td><\/td>\n<\/tr>\n<tr>\n<td>120<\/td>\n<td>Philippe<\/td>\n<td>Pilet<\/td>\n<td>Le Mouret<\/td>\n<td>1983<\/td>\n<td>01:05:38.41<\/td>\n<td><\/td>\n<\/tr>\n<tr>\n<td>119<\/td>\n<td>Romy<\/td>\n<td>Pilet<\/td>\n<td>Le Mouret<\/td>\n<td>1983<\/td>\n<td>01:12:32.44<\/td>\n<td><\/td>\n<\/tr>\n<tr>\n<td>115<\/td>\n<td>Antonio<\/td>\n<td>Pinto Dias<\/td>\n<td>Grand-Lancy<\/td>\n<td><\/td>\n<td>01:08:15.11<\/td>\n<td><\/td>\n<\/tr>\n<tr>\n<td>137<\/td>\n<td>Cyril<\/td>\n<td>Pittet<\/td>\n<td>Mannens<\/td>\n<td>1999<\/td>\n<td>00:46:55.22<\/td>\n<td><\/td>\n<\/tr>\n<tr>\n<td>131<\/td>\n<td>Sylvie<\/td>\n<td>Prahin Cajeux<\/td>\n<td>Ependes<\/td>\n<td>1960<\/td>\n<td>01:15:39.81<\/td>\n<td><\/td>\n<\/tr>\n<tr>\n<td>110<\/td>\n<td>Nadia<\/td>\n<td>Schneider<\/td>\n<td>Corpataux<\/td>\n<td>1995<\/td>\n<td>01:00:42.58<\/td>\n<td><\/td>\n<\/tr>\n<tr>\n<td>132<\/td>\n<td>Margaux<\/td>\n<td>Simonet<\/td>\n<td>Fribourg<\/td>\n<td>1996<\/td>\n<td>00:56:32.66<\/td>\n<td><\/td>\n<\/tr>\n<tr>\n<td>105<\/td>\n<td>Jean<\/td>\n<td>St\u00f6cklin<\/td>\n<td>Carouge<\/td>\n<td>1994<\/td>\n<td>00:54:13.38<\/td>\n<td><\/td>\n<\/tr>\n<tr>\n<td>108<\/td>\n<td>Sylvain<\/td>\n<td>Th\u00e9raulaz<\/td>\n<td>Ependes Fr<\/td>\n<td>2000<\/td>\n<td>00:53:08.69<\/td>\n<td><\/td>\n<\/tr>\n<tr>\n<td>136<\/td>\n<td>Ghislaine<\/td>\n<td>Wicht<\/td>\n<td>Charmey<\/td>\n<td>1967<\/td>\n<td>01:22:10.04<\/td>\n<td><\/td>\n<\/tr>\n<tr>\n<td>135<\/td>\n<td>Thomas<\/td>\n<td>Wiedmer<\/td>\n<td>Carouge<\/td>\n<td>1992<\/td>\n<td>00:54:18.51<\/td>\n<td><\/td>\n<\/tr>\n<tr>\n<td>128<\/td>\n<td>Dominique<\/td>\n<td>Zamboni<\/td>\n<td>Estavayer le Lac<\/td>\n<td>1962<\/td>\n<td>01:00:36.29<\/td>\n<td><\/td>\n<\/tr>\n<tr>\n<td>102<\/td>\n<td>Coraline<\/td>\n<td>Zosso<\/td>\n<td>Le Mouret<\/td>\n<td>2002<\/td>\n<td>00:55:02.06<\/td>\n<td><\/td>\n<\/tr>\n<\/tbody>\n<\/table><\/div>\n","protected":false},"excerpt":{"rendered":"<p>junior femme rang dossard temps diff\u00e9rence scratch 1 50 Alice Perroud Enney 2008 00:56:31.25 71 2 57 Ana\u00efs Gusset Payerne 2011 01:16:42.18 00:20:10.93 97 junior homme rang dossard temps diff\u00e9rence scratch 1 21 Gregory Sciboz Le Mouret 2008 00:35:19.05 10 2 34 Simon Pilet Le Mouret 2011 00:38:09.44 00:02:50.38 19 3 35 Emmanuel Pilet Le &hellip; <\/p>\n<p class=\"link-more\"><a href=\"https:\/\/www.cousimbertical.ch\/?page_id=8187\" class=\"more-link\">Continue reading<span class=\"screen-reader-text\"> &#8220;R\u00e9sultats 2025&#8221;<\/span><\/a><\/p>\n","protected":false},"author":2,"featured_media":0,"parent":0,"menu_order":0,"comment_status":"closed","ping_status":"closed","template":"","meta":{"ngg_post_thumbnail":0,"footnotes":""},"class_list":["post-8187","page","type-page","status-publish","hentry"],"_links":{"self":[{"href":"https:\/\/www.cousimbertical.ch\/index.php?rest_route=\/wp\/v2\/pages\/8187","targetHints":{"allow":["GET"]}}],"collection":[{"href":"https:\/\/www.cousimbertical.ch\/index.php?rest_route=\/wp\/v2\/pages"}],"about":[{"href":"https:\/\/www.cousimbertical.ch\/index.php?rest_route=\/wp\/v2\/types\/page"}],"author":[{"embeddable":true,"href":"https:\/\/www.cousimbertical.ch\/index.php?rest_route=\/wp\/v2\/users\/2"}],"replies":[{"embeddable":true,"href":"https:\/\/www.cousimbertical.ch\/index.php?rest_route=%2Fwp%2Fv2%2Fcomments&post=8187"}],"version-history":[{"count":3,"href":"https:\/\/www.cousimbertical.ch\/index.php?rest_route=\/wp\/v2\/pages\/8187\/revisions"}],"predecessor-version":[{"id":8190,"href":"https:\/\/www.cousimbertical.ch\/index.php?rest_route=\/wp\/v2\/pages\/8187\/revisions\/8190"}],"wp:attachment":[{"href":"https:\/\/www.cousimbertical.ch\/index.php?rest_route=%2Fwp%2Fv2%2Fmedia&parent=8187"}],"curies":[{"name":"wp","href":"https:\/\/api.w.org\/{rel}","templated":true}]}}