{"id":91,"date":"2018-12-07T12:12:43","date_gmt":"2018-12-07T11:12:43","guid":{"rendered":"http:\/\/www.cousimbertical.ch\/?page_id=91"},"modified":"2019-02-19T16:34:41","modified_gmt":"2019-02-19T15:34:41","slug":"resultats-2017","status":"publish","type":"page","link":"https:\/\/www.cousimbertical.ch\/?page_id=91","title":{"rendered":"r\u00e9sultats 2017"},"content":{"rendered":"\n<table class=\"wp-block-table is-style-stripes\" style=\"white-space: nowrap;\"><tbody><tr><td>Clt<\/td><td>Dos.<\/td><td>Nom et pr\u00e9nom<\/td><td>Ann\u00e9e<\/td><td>Cat\u00e9gorie<\/td><td>Localit\u00e9<\/td><td>Temps<\/td><td>Ecart<\/td><\/tr><tr><td>1<\/td><td>604<\/td><td>BAPST Gilles<\/td><td>1997<\/td><td>HJ<\/td><td>Pont-la-Ville<\/td><td>00:30:23.38<\/td><\/tr><tr><td>2<\/td><td>603<\/td><td>JENNY Marc<\/td><td>1998<\/td><td>HJ<\/td><td>Pont-la-Ville<\/td><td>00:30:24.83<\/td><td>00:00:01.45<\/td><\/tr><tr><td>3<\/td><td>600<\/td><td>BRODARD Maxime<\/td><td>1995<\/td><td>H<\/td><td>La Roche<\/td><td>00:30:27.14<\/td><td>00:00:03.76<\/td><\/tr><tr><td>4<\/td><td>602<\/td><td>SAVARY Ivar<\/td><td>1992<\/td><td>H<\/td><td>Romanens<\/td><td>00:30:31.45<\/td><td>00:00:08.07<\/td><\/tr><tr><td>5<\/td><td>615<\/td><td>MARCHON Thierry<\/td><td>1993<\/td><td>H<\/td><td>Farvagny<\/td><td>00:31:21.66<\/td><td>00:00:58.28<\/td><\/tr><tr><td>6<\/td><td>611<\/td><td>JATON Yohan<\/td><td>1999<\/td><td>HJ<\/td><td>Blonay<\/td><td>00:31:30.93<\/td><td>00:01:07.55<\/td><\/tr><tr><td>7<\/td><td>612<\/td><td>ULRICH Florian<\/td><td>1999<\/td><td>HJ<\/td><td>La Tour de Peilz<\/td><td>00:31:56.04<\/td><td>00:01:32.66<\/td><\/tr><tr><td>8<\/td><td>601<\/td><td>FL\u00dcCK Vincent<\/td><td>1985<\/td><td>H<\/td><td>Hauteville<\/td><td>00:32:16.48<\/td><td>00:01:53.10<\/td><\/tr><tr><td>9<\/td><td>614<\/td><td>PYTHON Dominique<\/td><td>1988<\/td><td>H<\/td><td>Ch\u00e2tel sur Montsalvens<\/td><td>00:33:17.17<\/td><td>00:02:53.79<\/td><\/tr><tr><td>10<\/td><td>616<\/td><td>NICOLET Claude<\/td><td>1967<\/td><td>H<\/td><td>La Tour de Tr\u00eame<\/td><td>00:33:59.51<\/td><td>00:03:36.13<\/td><\/tr><tr><td>11<\/td><td>617<\/td><td>WALTER Aur\u00e9lien<\/td><td>1991<\/td><td>H<\/td><td>Fribourg<\/td><td>00:34:12.42<\/td><td>00:03:49.04<\/td><\/tr><tr><td>12<\/td><td>624<\/td><td>D\u00c9NERVAUD R\u00e9my<\/td><td>1996<\/td><td>H<\/td><td>Les Sciernes-d&#8217;Albeuve<\/td><td>00:34:19.10<\/td><td>00:03:55.72<\/td><\/tr><tr><td>13<\/td><td>643<\/td><td>BARRAS Fran\u00e7ois<\/td><td>1998<\/td><td>HJ<\/td><td>La Roche<\/td><td>00:34:21.10<\/td><td>00:03:57.72<\/td><\/tr><tr><td>14<\/td><td>613<\/td><td>SIMONET David<\/td><td>1994<\/td><td>H<\/td><td>Fribourg<\/td><td>00:34:33.22<\/td><td>00:04:09.84<\/td><\/tr><tr><td>15<\/td><td>630<\/td><td>MAGNIN Olivier<\/td><td>1975<\/td><td>H<\/td><td>Riaz<\/td><td>00:34:49.74<\/td><td>00:04:26.36<\/td><\/tr><tr><td>16<\/td><td>628<\/td><td>CALVEZ Nicolas<\/td><td>1989<\/td><td>H<\/td><td>La Roche<\/td><td>00:35:34.09<\/td><td>00:05:10.71<\/td><\/tr><tr><td>17<\/td><td>625<\/td><td>BIELMANN Francis<\/td><td>1964<\/td><td>H<\/td><td>La Roche<\/td><td>00:36:07.30<\/td><td>00:05:43.92<\/td><\/tr><tr><td>18<\/td><td>618<\/td><td>TH\u00dcRLER Laurent<\/td><td>1968<\/td><td>H<\/td><td>La Tour de Tr\u00eame<\/td><td>00:36:10.83<\/td><td>00:05:47.45<\/td><\/tr><tr><td>19<\/td><td>627<\/td><td>HO\u00cbL Christophe<\/td><td>1976<\/td><td>H<\/td><td>Sorens<\/td><td>00:36:37.61<\/td><td>00:06:14.23<\/td><\/tr><tr><td>20<\/td><td>652<\/td><td>KOLLY Nicolas<\/td><td>1996<\/td><td>H<\/td><td>La Roche<\/td><td>00:36:59.41<\/td><td>00:06:36.03<\/td><\/tr><tr><td>21<\/td><td>621<\/td><td>FATTON Marianne<\/td><td>1995<\/td><td>D<\/td><td>Dombresson<\/td><td>00:37:00.36<\/td><td>00:06:36.98<\/td><\/tr><tr><td>22<\/td><td>666<\/td><td>SIMONET Philippe<\/td><td>1966<\/td><td>H<\/td><td>Fribourg<\/td><td>00:37:49.63<\/td><td>00:07:26.25<\/td><\/tr><tr><td>23<\/td><td>626<\/td><td>KOLLY Olivier<\/td><td>1973<\/td><td>H<\/td><td>Corpataux<\/td><td>00:38:11.95<\/td><td>00:07:48.57<\/td><\/tr><tr><td>24<\/td><td>662<\/td><td>GRANDJEAN Johann<\/td><td>2001<\/td><td>HJ<\/td><td>Morlon<\/td><td>00:38:12.98<\/td><td>00:07:49.60<\/td><\/tr><tr><td>25<\/td><td>663<\/td><td>DESPRES Florent<\/td><td>2000<\/td><td>HJ<\/td><td>Marly<\/td><td>00:38:32.03<\/td><td>00:08:08.65<\/td><\/tr><tr><td>26<\/td><td>657<\/td><td>SPYCHER Fabrice<\/td><td>1978<\/td><td>H<\/td><td>Ependes<\/td><td>00:38:45.07<\/td><td>00:08:21.69<\/td><\/tr><tr><td>27<\/td><td>641<\/td><td>BAPST Julien<\/td><td>2000<\/td><td>HJ<\/td><td>Pont-La-Ville<\/td><td>00:38:47.02<\/td><td>00:08:23.64<\/td><\/tr><tr><td>28<\/td><td>675<\/td><td>KOLLY Edmond<\/td><td>1957<\/td><td>H<\/td><td>Ependes<\/td><td>00:38:50.92<\/td><td>00:08:27.54<\/td><\/tr><tr><td>29<\/td><td>654<\/td><td>D\u00c9VAUD Daniel<\/td><td>1955<\/td><td>H<\/td><td>Semsales<\/td><td>00:39:04.91<\/td><td>00:08:41.53<\/td><\/tr><tr><td>30<\/td><td>642<\/td><td>TINGUELY Samuel<\/td><td>1999<\/td><td>HJ<\/td><td>La Roche<\/td><td>00:39:06.07<\/td><td>00:08:42.69<\/td><\/tr><tr><td>31<\/td><td>620<\/td><td>GENDRE Gr\u00e9goire<\/td><td>1984<\/td><td>H<\/td><td>Corminboeuf<\/td><td>00:39:36.56<\/td><td>00:09:13.18<\/td><\/tr><tr><td>32<\/td><td>622<\/td><td>ULRICH Caroline<\/td><td>2002<\/td><td>DJ<\/td><td>La Tour de Peilz<\/td><td>00:39:55.25<\/td><td>00:09:31.87<\/td><\/tr><tr><td>33<\/td><td>651<\/td><td>MARILLEY Pierre-Luc<\/td><td>1965<\/td><td>H<\/td><td>Fribourg<\/td><td>00:40:05.33<\/td><td>00:09:41.95<\/td><\/tr><tr><td>34<\/td><td>623<\/td><td>BOSSEL G\u00e9rald<\/td><td>1957<\/td><td>H<\/td><td>Fiaug\u00e8res<\/td><td>00:40:16.64<\/td><td>00:09:53.26<\/td><\/tr><tr><td>35<\/td><td>650<\/td><td>HAAS Romain<\/td><td>1971<\/td><td>H<\/td><td>Granges-paccot<\/td><td>00:40:29.31<\/td><td>00:10:05.93<\/td><\/tr><tr><td>36<\/td><td>647<\/td><td>FAVRE Anne<\/td><td>1980<\/td><td>D<\/td><td>Pringy<\/td><td>00:40:48.74<\/td><td>00:10:25.36<\/td><\/tr><tr><td>37<\/td><td>646<\/td><td>ULRICH HOLDEN Fran\u00e7oise<\/td><td>1968<\/td><td>D<\/td><td>La Tour de Peilz<\/td><td>00:40:49.03<\/td><td>00:10:25.65<\/td><\/tr><tr><td>38<\/td><td>656<\/td><td>GUMY Pascal<\/td><td>1972<\/td><td>H<\/td><td>La Tour de Tr\u00eame<\/td><td>00:40:59.60<\/td><td>00:10:36.22<\/td><\/tr><tr><td>39<\/td><td>671<\/td><td>JATON Claude<\/td><td>1960<\/td><td>H<\/td><td>Blonay<\/td><td>00:41:31.02<\/td><td>00:11:07.64<\/td><\/tr><tr><td>40<\/td><td>655<\/td><td>FAVRE S\u00e9bastien<\/td><td>1970<\/td><td>H<\/td><td>Pringy<\/td><td>00:42:02.35<\/td><td>00:11:38.97<\/td><\/tr><tr><td>41<\/td><td>644<\/td><td>BAPST Margaux<\/td><td>1999<\/td><td>DJ<\/td><td>Pont-la-Ville<\/td><td>00:42:47.48<\/td><td>00:12:24.10<\/td><\/tr><tr><td>42<\/td><td>638<\/td><td>CAILLE Louis<\/td><td>1950<\/td><td>H<\/td><td>Epagny<\/td><td>00:43:07.24<\/td><td>00:12:43.86<\/td><\/tr><tr><td>43<\/td><td>629<\/td><td>DEMEULEMEESTER Xavier<\/td><td>1982<\/td><td>H<\/td><td>Mont\u00e9vraz<\/td><td>00:43:33.27<\/td><td>00:13:09.89<\/td><\/tr><tr><td>44<\/td><td>640<\/td><td>BAERISWYL C\u00e9dric<\/td><td>1998<\/td><td>HJ<\/td><td>La Roche<\/td><td>00:43:34.59<\/td><td>00:13:11.21<\/td><\/tr><tr><td>45<\/td><td>664<\/td><td>SAVARY Anne<\/td><td>1978<\/td><td>D<\/td><td>Vaulruz<\/td><td>00:44:03.52<\/td><td>00:13:40.14<\/td><\/tr><tr><td>46<\/td><td>649<\/td><td>BARBEY Pierrette<\/td><td>1957<\/td><td>D<\/td><td>Morlon<\/td><td>00:44:26.47<\/td><td>00:14:03.09<\/td><\/tr><tr><td>47<\/td><td>677<\/td><td>BUCHELI Urs<\/td><td>1966<\/td><td>H<\/td><td>Corbeyrier<\/td><td>00:45:03.82<\/td><td>00:14:40.44<\/td><\/tr><tr><td>48<\/td><td>639<\/td><td>SIFFERT Kylian<\/td><td>1998<\/td><td>HJ<\/td><td>La Roche<\/td><td>00:45:17.04<\/td><td>00:14:53.66<\/td><\/tr><tr><td>49<\/td><td>665<\/td><td>OBERSON Daniel<\/td><td>1953<\/td><td>H<\/td><td>La Roche<\/td><td>00:47:16.09<\/td><td>00:16:52.71<\/td><\/tr><tr><td>50<\/td><td>670<\/td><td>EGGER Bertrand<\/td><td>1976<\/td><td>H<\/td><td>Le Mouret<\/td><td>00:47:31.72<\/td><td>00:17:08.34<\/td><\/tr><tr><td>51<\/td><td>684<\/td><td>TINGUELY Patrick<\/td><td>1968<\/td><td>H<\/td><td>Ferpicloz<\/td><td>00:47:41.60<\/td><td>00:17:18.22<\/td><\/tr><tr><td>52<\/td><td>645<\/td><td>SPICHER Nicole<\/td><td>1963<\/td><td>D<\/td><td>Marsens<\/td><td>00:48:19.97<\/td><td>00:17:56.59<\/td><\/tr><tr><td>53<\/td><td>667<\/td><td>GLINZ-MOREL Jocelyne<\/td><td>1986<\/td><td>D<\/td><td>Treyvaux<\/td><td>00:48:22.57<\/td><td>00:17:59.19<\/td><\/tr><tr><td>54<\/td><td>672<\/td><td>HAYOZ Patrick<\/td><td>1971<\/td><td>H<\/td><td>Pont-la-ville<\/td><td>00:48:26.95<\/td><td>00:18:03.57<\/td><\/tr><tr><td>55<\/td><td>669<\/td><td>MAGNIN Karine<\/td><td>1977<\/td><td>D<\/td><td>Riaz<\/td><td>00:48:38.63<\/td><td>00:18:15.25<\/td><\/tr><tr><td>56<\/td><td>678<\/td><td>FOLLY Olivier<\/td><td>1968<\/td><td>H<\/td><td>Marly<\/td><td>00:48:52.83<\/td><td>00:18:29.45<\/td><\/tr><tr><td>57<\/td><td>683<\/td><td>BUSSARD Brigitte<\/td><td>1958<\/td><td>D<\/td><td>La Tour de Tr\u00eame<\/td><td>00:49:48.78<\/td><td>00:19:25.40<\/td><\/tr><tr><td>58<\/td><td>571<\/td><td>JUTZET Sylvie<\/td><td>1974<\/td><td>MP<\/td><td>Ferpicloz<\/td><td>00:51:16.60<\/td><td>00:20:53.22<\/td><\/tr><tr><td>59<\/td><td>682<\/td><td>RAUSIS Marie-H\u00e9l\u00e8ne<\/td><td>1970<\/td><td>D<\/td><td>La Roche<\/td><td>00:51:27.42<\/td><td>00:21:04.04<\/td><\/tr><tr><td>60<\/td><td>570<\/td><td>KORNFELD &#8211; GICOT Brigitte<\/td><td>1970<\/td><td>MP<\/td><td>Belmont-sur-Lausanne<\/td><td>00:52:11.19<\/td><td>00:21:47.81<\/td><\/tr><tr><td>61<\/td><td>680<\/td><td>OJEDA Jose<\/td><td>1981<\/td><td>H<\/td><td>Granges-Paccot<\/td><td>00:52:39.19<\/td><td>00:22:15.81<\/td><\/tr><tr><td>62<\/td><td>681<\/td><td>MAGNIN Aurelia<\/td><td>1981<\/td><td>D<\/td><td>La Roche<\/td><td>00:52:48.82<\/td><td>00:22:25.44<\/td><\/tr><tr><td>63<\/td><td>668<\/td><td>JOYE Diana<\/td><td>1958<\/td><td>D<\/td><td>Blonay<\/td><td>00:53:40.78<\/td><td>00:23:17.40<\/td><\/tr><tr><td>64<\/td><td>648<\/td><td>OVERNEY Corinne<\/td><td>1983<\/td><td>D<\/td><td>Hauteville<\/td><td>00:56:37.19<\/td><td>00:26:13.81<\/td><\/tr><tr><td>65<\/td><td>575<\/td><td>BURGY Isabelle<\/td><td>1965<\/td><td>MP<\/td><td>Autavaux<\/td><td>00:59:43.14<\/td><td>00:29:19.76<\/td><\/tr><tr><td>65<\/td><td>573<\/td><td>CL\u00c9MENT Luzia<\/td><td>1963<\/td><td>MP<\/td><td>Le Mouret<\/td><td>00:59:43.14<\/td><td>00:29:19.76<\/td><\/tr><tr><td>67<\/td><td>679<\/td><td>FORNEY Jean-Fran\u00e7ois<\/td><td>1969<\/td><td>H<\/td><td>Fribourg<\/td><td>01:02:30.51<\/td><td>00:32:07.13<\/td><\/tr><tr><td>68<\/td><td>572<\/td><td>ANDREY Laurence<\/td><td>1967<\/td><td>MP<\/td><td>Ependes<\/td><td>01:03:51.40<\/td><td>00:33:28.02<\/td><\/tr><tr><td>69<\/td><td>574<\/td><td>PRAHIN CAJEUX Sylvie<\/td><td>1960<\/td><td>MP<\/td><td>Ependes<\/td><td>01:06:02.21<\/td><td>00:35:38.83<\/td><\/tr><tr><td>70<\/td><td>576<\/td><td>MARGUERON Florian<\/td><td>1991<\/td><td>MP<\/td><td>Villarsel le Gibloux<\/td><td>01:22:57.53<\/td><td>00:52:34.15<\/td><\/tr><tr><td>71<\/td><td>577<\/td><td>GUEX Catherine<\/td><td>1992<\/td><td>MP<\/td><td>Villarsel le Gibloux<\/td><td>01:23:04.53<\/td><td>00:52:41.15<\/td><\/tr><tr><td>72<\/td><td>579<\/td><td>MARGUERON Marie-Lou<\/td><td>1962<\/td><td>MP<\/td><td>Oberried<\/td><td>01:23:06.33<\/td><td>00:52:42.95<\/td><\/tr><tr><td>73<\/td><td>578<\/td><td>MARGUERON Bertrand<\/td><td>1963<\/td><td>MP<\/td><td>Oberried<\/td><td>01:23:08.84<\/td><td>00:52:45.46<\/td><\/tr><\/tbody><\/table>\n","protected":false},"excerpt":{"rendered":"<p>Clt Dos. Nom et pr\u00e9nom Ann\u00e9e Cat\u00e9gorie Localit\u00e9 Temps Ecart 1 604 BAPST Gilles 1997 HJ Pont-la-Ville 00:30:23.38 2 603 JENNY Marc 1998 HJ Pont-la-Ville 00:30:24.83 00:00:01.45 3 600 BRODARD Maxime 1995 H La Roche 00:30:27.14 00:00:03.76 4 602 SAVARY Ivar 1992 H Romanens 00:30:31.45 00:00:08.07 5 615 MARCHON Thierry 1993 H Farvagny 00:31:21.66 00:00:58.28 &hellip; <\/p>\n<p class=\"link-more\"><a href=\"https:\/\/www.cousimbertical.ch\/?page_id=91\" class=\"more-link\">Continue reading<span class=\"screen-reader-text\"> &#8220;r\u00e9sultats 2017&#8221;<\/span><\/a><\/p>\n","protected":false},"author":2,"featured_media":0,"parent":0,"menu_order":0,"comment_status":"closed","ping_status":"closed","template":"","meta":{"ngg_post_thumbnail":0,"footnotes":""},"class_list":["post-91","page","type-page","status-publish","hentry"],"_links":{"self":[{"href":"https:\/\/www.cousimbertical.ch\/index.php?rest_route=\/wp\/v2\/pages\/91","targetHints":{"allow":["GET"]}}],"collection":[{"href":"https:\/\/www.cousimbertical.ch\/index.php?rest_route=\/wp\/v2\/pages"}],"about":[{"href":"https:\/\/www.cousimbertical.ch\/index.php?rest_route=\/wp\/v2\/types\/page"}],"author":[{"embeddable":true,"href":"https:\/\/www.cousimbertical.ch\/index.php?rest_route=\/wp\/v2\/users\/2"}],"replies":[{"embeddable":true,"href":"https:\/\/www.cousimbertical.ch\/index.php?rest_route=%2Fwp%2Fv2%2Fcomments&post=91"}],"version-history":[{"count":3,"href":"https:\/\/www.cousimbertical.ch\/index.php?rest_route=\/wp\/v2\/pages\/91\/revisions"}],"predecessor-version":[{"id":149,"href":"https:\/\/www.cousimbertical.ch\/index.php?rest_route=\/wp\/v2\/pages\/91\/revisions\/149"}],"wp:attachment":[{"href":"https:\/\/www.cousimbertical.ch\/index.php?rest_route=%2Fwp%2Fv2%2Fmedia&parent=91"}],"curies":[{"name":"wp","href":"https:\/\/api.w.org\/{rel}","templated":true}]}}