{"id":93,"date":"2018-12-07T12:12:56","date_gmt":"2018-12-07T11:12:56","guid":{"rendered":"http:\/\/www.cousimbertical.ch\/?page_id=93"},"modified":"2019-02-19T16:38:54","modified_gmt":"2019-02-19T15:38:54","slug":"resultats-2018","status":"publish","type":"page","link":"https:\/\/www.cousimbertical.ch\/?page_id=93","title":{"rendered":"r\u00e9sultats 2018"},"content":{"rendered":"\n<table class=\"wp-block-table is-style-stripes\" style=\"white-space: nowrap;\"><tbody><tr><td>&nbsp; Dames Juniors (1998 \u00e0\n  2004)&nbsp;&nbsp;<\/td><\/tr><tr><td>1<\/td><td>434<\/td><td>OVERNEY No\u00e9mie<\/td><td>2000<\/td><td>DJ<\/td><td>Charmey<\/td><td>00:37:59.03<\/td><\/tr><tr><td>2<\/td><td>409<\/td><td>REMY C\u00e9line<\/td><td>2002<\/td><td>DJ<\/td><td>Charmey<\/td><td>00:47:03.38<\/td><td>00:09:04.35<\/td><\/tr><tr><\/tr><tr><\/tr><tr><\/tr><tr><\/tr><tr><td>&nbsp; Dames (d\u00e8s 1997)&nbsp;&nbsp;<\/td><\/tr><tr><td>1<\/td><td>445<\/td><td>PHILIPP Nathalie<\/td><td>1992<\/td><td>D<\/td><td>Gen\u00e8ve<\/td><td>00:34:39.28<\/td><\/tr><tr><td>2<\/td><td>383<\/td><td>FATTON Marianne<\/td><td>1995<\/td><td>D<\/td><td>Dombresson<\/td><td>00:36:31.36<\/td><td>00:01:52.08<\/td><\/tr><tr><td>3<\/td><td>427<\/td><td>BAUDOIS Laure<\/td><td>1988<\/td><td>D<\/td><td>Charmey<\/td><td>00:38:00.83<\/td><td>00:03:21.55<\/td><\/tr><tr><td>4<\/td><td>444<\/td><td>FAVRE Anne<\/td><td>1980<\/td><td>D<\/td><td>Pringy<\/td><td>00:38:47.05<\/td><td>00:04:07.77<\/td><\/tr><tr><td>5<\/td><td>406<\/td><td>LAVILLE Ren\u00e9e<\/td><td>1968<\/td><td>D<\/td><td>Ch\u00e2tel-St-Denis<\/td><td>00:42:44.15<\/td><td>00:08:04.87<\/td><\/tr><tr><td>6<\/td><td>426<\/td><td>BARBEY-BORCARD Pierrette<\/td><td>1957<\/td><td>D<\/td><td>Morlon<\/td><td>00:42:45.01<\/td><td>00:08:05.73<\/td><\/tr><tr><td>7<\/td><td>428<\/td><td>BRASEY B\u00e9atrice<\/td><td>1967<\/td><td>D<\/td><td>Bulle<\/td><td>00:43:27.14<\/td><td>00:08:47.86<\/td><\/tr><tr><td>8<\/td><td>405<\/td><td>KILCHOER Marion<\/td><td>1993<\/td><td>D<\/td><td>Marsens<\/td><td>00:43:42.28<\/td><td>00:09:03.00<\/td><\/tr><tr><td>9<\/td><td>407<\/td><td>MARRO DESPR\u00c9S Nathalie<\/td><td>1969<\/td><td>D<\/td><td>Marly<\/td><td>00:46:07.69<\/td><td>00:11:28.41<\/td><\/tr><tr><td>10<\/td><td>390<\/td><td>RAUSIS Marie-H\u00e9l\u00e8ne<\/td><td>1970<\/td><td>D<\/td><td>La Roche<\/td><td>00:47:48.78<\/td><td>00:13:09.50<\/td><\/tr><tr><td>11<\/td><td>404<\/td><td>JOYE Diana<\/td><td>1958<\/td><td>D<\/td><td>Blonay<\/td><td>00:48:10.65<\/td><td>00:13:31.37<\/td><\/tr><tr><td>12<\/td><td>403<\/td><td>BUSSARD Brigitte<\/td><td>1958<\/td><td>D<\/td><td>La Tour-de-Tr\u00eame<\/td><td>00:48:41.97<\/td><td>00:14:02.69<\/td><\/tr><tr><td>13<\/td><td>389<\/td><td>GLINZ Jocelyne<\/td><td>1986<\/td><td>D<\/td><td>Treyvaux<\/td><td>00:52:50.13<\/td><td>00:18:10.85<\/td><\/tr><tr><\/tr><tr><\/tr><tr><\/tr><tr><\/tr><tr><td>&nbsp; Hommes Juniors (1998 \u00e0 2004)&nbsp;&nbsp;<\/td><\/tr><tr><td>1<\/td><td>465<\/td><td>BUSSARD Thomas<\/td><td>2002<\/td><td>HJ<\/td><td>Albeuve<\/td><td>00:29:30.92<\/td><\/tr><tr><td>2<\/td><td>467<\/td><td>JENNY Marc<\/td><td>1998<\/td><td>HJ<\/td><td>Pont-la-Ville<\/td><td>00:30:38.22<\/td><td>00:01:07.30<\/td><\/tr><tr><td>3<\/td><td>453<\/td><td>MURISET J\u00e9r\u00e9my<\/td><td>2003<\/td><td>HJ<\/td><td>Charmey<\/td><td>00:31:21.98<\/td><td>00:01:51.06<\/td><\/tr><tr><td>4<\/td><td>454<\/td><td>Fatton Roman<\/td><td>2001<\/td><td>HJ<\/td><td>Dombresson<\/td><td>00:31:55.19<\/td><td>00:02:24.27<\/td><\/tr><tr><td>5<\/td><td>452<\/td><td>JAQUET Julien<\/td><td>2001<\/td><td>HJ<\/td><td>Grandvillard<\/td><td>00:32:01.48<\/td><td>00:02:30.56<\/td><\/tr><tr><td>6<\/td><td>451<\/td><td>BARRAS Fran\u00e7ois<\/td><td>1998<\/td><td>HJ<\/td><td>La Roche<\/td><td>00:34:13.20<\/td><td>00:04:42.28<\/td><\/tr><tr><td>7<\/td><td>446<\/td><td>GRANDJEAN Johann<\/td><td>2001<\/td><td>HJ<\/td><td>Morlon<\/td><td>00:34:28.78<\/td><td>00:04:57.86<\/td><\/tr><tr><td>8<\/td><td>415<\/td><td>CATTIN Guillaume<\/td><td>2001<\/td><td>HJ<\/td><td>La Tour-de-Tr\u00eame<\/td><td>00:35:19.14<\/td><td>00:05:48.22<\/td><\/tr><tr><td>9<\/td><td>431<\/td><td>DESPR\u00c9S Florent<\/td><td>2000<\/td><td>HJ<\/td><td>Marly<\/td><td>00:36:57.00<\/td><td>00:07:26.08<\/td><\/tr><tr><td>10<\/td><td>433<\/td><td>TINGUELY Samuel<\/td><td>1999<\/td><td>HJ<\/td><td>La Roche<\/td><td>00:38:49.98<\/td><td>00:09:19.06<\/td><\/tr><tr><td>11<\/td><td>430<\/td><td>BAERISWYL C\u00e9dric<\/td><td>1998<\/td><td>HJ<\/td><td>La Roche<\/td><td>00:40:18.13<\/td><td>00:10:47.21<\/td><\/tr><tr><td>12<\/td><td>432<\/td><td>MORISETTI Vincent<\/td><td>1998<\/td><td>HJ<\/td><td>Charmey<\/td><td>00:40:55.00<\/td><td>00:11:24.08<\/td><\/tr><tr><td>13<\/td><td>439<\/td><td>RAYNAUD Denis<\/td><td>1998<\/td><td>HJ<\/td><td>Ch\u00e2teau-d&#8217;Oex<\/td><td>00:49:52.32<\/td><td>00:20:21.40<\/td><\/tr><tr><\/tr><tr><\/tr><tr><td>&nbsp; Hommes (d\u00e8s 1997)&nbsp;&nbsp;<\/td><\/tr><tr><td>1<\/td><td>464<\/td><td>RISSE T\u00e9rence<\/td><td>1993<\/td><td>H<\/td><td>Cottens<\/td><td>00:28:38.34<\/td><\/tr><tr><td>2<\/td><td>461<\/td><td>MERTENAT Quentin<\/td><td>1995<\/td><td>H<\/td><td>Marly<\/td><td>00:28:38.94<\/td><td>00:00:00.60<\/td><\/tr><tr><td>3<\/td><td>462<\/td><td>PHILIPONA Nicolas<\/td><td>1981<\/td><td>H<\/td><td>Ch\u00e2tel-St-Denis<\/td><td>00:29:25.63<\/td><td>00:00:47.29<\/td><\/tr><tr><td>4<\/td><td>466<\/td><td>BRODARD Maxime<\/td><td>1995<\/td><td>H<\/td><td>La Roche<\/td><td>00:29:51.29<\/td><td>00:01:12.95<\/td><\/tr><tr><td>5<\/td><td>468<\/td><td>BAPST Gilles<\/td><td>1997<\/td><td>H<\/td><td>Pont-la-Ville<\/td><td>00:29:57.60<\/td><td>00:01:19.26<\/td><\/tr><tr><td>6<\/td><td>460<\/td><td>MARCHON Thierry<\/td><td>1993<\/td><td>H<\/td><td>Riaz<\/td><td>00:29:59.15<\/td><td>00:01:20.81<\/td><\/tr><tr><td>7<\/td><td>463<\/td><td>RISER Vincent<\/td><td>1991<\/td><td>H<\/td><td>Gen\u00e8ve<\/td><td>00:30:26.76<\/td><td>00:01:48.42<\/td><\/tr><tr><td>8<\/td><td>458<\/td><td>FAYET Johan<\/td><td>1997<\/td><td>H<\/td><td>Vionnaz<\/td><td>00:31:05.27<\/td><td>00:02:26.93<\/td><\/tr><tr><td>9<\/td><td>442<\/td><td>SCHOUWEY Jonas<\/td><td>1990<\/td><td>H<\/td><td>La Tour-de-Tr\u00eame<\/td><td>00:32:47.13<\/td><td>00:04:08.79<\/td><\/tr><tr><td>10<\/td><td>440<\/td><td>MERCIER Yoann<\/td><td>1990<\/td><td>H<\/td><td>Vuadens<\/td><td>00:34:17.45<\/td><td>00:05:39.11<\/td><\/tr><tr><td>11<\/td><td>448<\/td><td>GENDRE Gr\u00e9goire<\/td><td>1984<\/td><td>H<\/td><td>Corminboeuf<\/td><td>00:34:40.88<\/td><td>00:06:02.54<\/td><\/tr><tr><td>12<\/td><td>447<\/td><td>BIELMANN Francis<\/td><td>1964<\/td><td>H<\/td><td>La Roche<\/td><td>00:35:45.01<\/td><td>00:07:06.67<\/td><\/tr><tr><td>13<\/td><td>425<\/td><td>SIMONET Philippe<\/td><td>1966<\/td><td>H<\/td><td>Fribourg<\/td><td>00:36:24.13<\/td><td>00:07:45.79<\/td><\/tr><tr><td>14<\/td><td>450<\/td><td>TH\u00dcRLER Laurent<\/td><td>1968<\/td><td>H<\/td><td>La Tour-de-Tr\u00eame<\/td><td>00:36:26.53<\/td><td>00:07:48.19<\/td><\/tr><tr><td>15<\/td><td>424<\/td><td>MISCHLER Rolf<\/td><td>1962<\/td><td>H<\/td><td>Bern<\/td><td>00:37:04.84<\/td><td>00:08:26.50<\/td><\/tr><tr><td>16<\/td><td>435<\/td><td>SPYCHER Fabrice<\/td><td>1978<\/td><td>H<\/td><td>Ependes<\/td><td>00:37:24.41<\/td><td>00:08:46.07<\/td><\/tr><tr><td>17<\/td><td>443<\/td><td>SCHUWEY Philippe<\/td><td>1969<\/td><td>H<\/td><td>Le Mouret<\/td><td>00:37:25.66<\/td><td>00:08:47.32<\/td><\/tr><tr><td>18<\/td><td>422<\/td><td>LENDENMANN Christoph<\/td><td>1982<\/td><td>H<\/td><td>Fribourg<\/td><td>00:37:28.12<\/td><td>00:08:49.78<\/td><\/tr><tr><td>19<\/td><td>441<\/td><td>MARILLEY Pierre-Luc<\/td><td>1965<\/td><td>H<\/td><td>Fribourg<\/td><td>00:38:07.95<\/td><td>00:09:29.61<\/td><\/tr><tr><td>20<\/td><td>416<\/td><td>BOSSEL G\u00e9rald<\/td><td>1957<\/td><td>H<\/td><td>Fiaug\u00e8res<\/td><td>00:38:31.19<\/td><td>00:09:52.85<\/td><\/tr><tr><td>21<\/td><td>410<\/td><td>Borcard Eric<\/td><td>1974<\/td><td>H<\/td><td>Enney<\/td><td>00:39:05.40<\/td><td>00:10:27.06<\/td><\/tr><tr><td>22<\/td><td>449<\/td><td>HO\u00cbL Christophe<\/td><td>1976<\/td><td>H<\/td><td>Sorens<\/td><td>00:39:13.48<\/td><td>00:10:35.14<\/td><\/tr><tr><td>23<\/td><td>423<\/td><td>MENOUD Olivier<\/td><td>1972<\/td><td>H<\/td><td>Romanens<\/td><td>00:40:09.67<\/td><td>00:11:31.33<\/td><\/tr><tr><td>24<\/td><td>396<\/td><td>GOBET Yvan<\/td><td>1969<\/td><td>H<\/td><td>La Tour-de-Tr\u00eame<\/td><td>00:40:27.36<\/td><td>00:11:49.02<\/td><\/tr><tr><td>25<\/td><td>411<\/td><td>NEVES Joao<\/td><td>1988<\/td><td>H<\/td><td>Fribourg<\/td><td>00:40:54.22<\/td><td>00:12:15.88<\/td><\/tr><tr><td>26<\/td><td>418<\/td><td>EGGERTSWYLER Mathieu<\/td><td>1992<\/td><td>H<\/td><td>Ependes<\/td><td>00:41:20.15<\/td><td>00:12:41.81<\/td><\/tr><tr><td>27<\/td><td>397<\/td><td>KOLLY Andr\u00e9<\/td><td>1966<\/td><td>H<\/td><td>Bonnefontaine<\/td><td>00:41:27.94<\/td><td>00:12:49.60<\/td><\/tr><tr><td>28<\/td><td>420<\/td><td>GUMY Pascal<\/td><td>1972<\/td><td>H<\/td><td>La Tour-de-Tr\u00eame<\/td><td>00:42:29.26<\/td><td>00:13:50.92<\/td><\/tr><tr><td>29<\/td><td>419<\/td><td>GRANDJEAN Denis<\/td><td>1960<\/td><td>H<\/td><td>Le Cr\u00eat-pr\u00e8s-Semsales<\/td><td>00:43:05.44<\/td><td>00:14:27.10<\/td><\/tr><tr><td>30<\/td><td>386<\/td><td>DE PIERRI Rodolphe<\/td><td>1965<\/td><td>H<\/td><td>Belmont<\/td><td>00:43:26.69<\/td><td>00:14:48.35<\/td><\/tr><tr><td>31<\/td><td>399<\/td><td>KRUMMENACHER Paul<\/td><td>1991<\/td><td>H<\/td><td>Pont-la-Ville<\/td><td>00:43:39.33<\/td><td>00:15:00.99<\/td><\/tr><tr><td>32<\/td><td>394<\/td><td>CUCUZZA Michael<\/td><td>1984<\/td><td>H<\/td><td>Neyruz<\/td><td>00:44:00.43<\/td><td>00:15:22.09<\/td><\/tr><tr><td>33<\/td><td>412<\/td><td>MOSSU Julien<\/td><td>1977<\/td><td>H<\/td><td>Villars-sur-Gl\u00e2ne<\/td><td>00:45:06.23<\/td><td>00:16:27.89<\/td><\/tr><tr><td>34<\/td><td>421<\/td><td>KOLLY Pierre<\/td><td>1960<\/td><td>H<\/td><td>La Roche<\/td><td>00:45:08.93<\/td><td>00:16:30.59<\/td><\/tr><tr><td>35<\/td><td>400<\/td><td>RAYROUD Eloi<\/td><td>1991<\/td><td>H<\/td><td>Fribourg<\/td><td>00:45:54.60<\/td><td>00:17:16.26<\/td><\/tr><tr><td>36<\/td><td>401<\/td><td>RYTER Daniel<\/td><td>1954<\/td><td>H<\/td><td>Lausanne<\/td><td>00:46:04.65<\/td><td>00:17:26.31<\/td><\/tr><tr><td>37<\/td><td>402<\/td><td>VIAL Philippe<\/td><td>1978<\/td><td>H<\/td><td>Avry-devant-Pont<\/td><td>00:46:11.79<\/td><td>00:17:33.45<\/td><\/tr><tr><td>38<\/td><td>417<\/td><td>CHATTON Jean-Yves<\/td><td>1963<\/td><td>H<\/td><td>Lausanne<\/td><td>00:46:50.91<\/td><td>00:18:12.57<\/td><\/tr><tr><td>39<\/td><td>384<\/td><td>TINGUELY Patrick<\/td><td>1969<\/td><td>H<\/td><td>Ferpicloz<\/td><td>00:47:05.61<\/td><td>00:18:27.27<\/td><\/tr><tr><td>40<\/td><td>392<\/td><td>BUCHELI Urs<\/td><td>1966<\/td><td>H<\/td><td>Corbeyriez<\/td><td>00:47:17.12<\/td><td>00:18:38.78<\/td><\/tr><tr><td>41<\/td><td>393<\/td><td>CL\u00c9MENT Alexandre<\/td><td>1993<\/td><td>H<\/td><td>Ependes<\/td><td>00:47:59.19<\/td><td>00:19:20.85<\/td><\/tr><tr><td>42<\/td><td>395<\/td><td>FOLLY Olivier<\/td><td>1968<\/td><td>H<\/td><td>Marly<\/td><td>00:48:12.94<\/td><td>00:19:34.60<\/td><\/tr><tr><td>43<\/td><td>388<\/td><td>GENDRE Nicolas<\/td><td>1957<\/td><td>H<\/td><td>Corminboeuf<\/td><td>00:49:01.90<\/td><td>00:20:23.56<\/td><\/tr><tr><td>44<\/td><td>385<\/td><td>BORCARD Daniel<\/td><td>1948<\/td><td>H<\/td><td>Broc<\/td><td>00:50:44.45<\/td><td>00:22:06.11<\/td><\/tr><tr><td>45<\/td><td>391<\/td><td>BONGARD Jonathan<\/td><td>1993<\/td><td>H<\/td><td>Ependes<\/td><td>00:52:31.57<\/td><td>00:23:53.23<\/td><\/tr><tr><td>46<\/td><td>387<\/td><td>FORNEY Jean-Fran\u00e7ois<\/td><td>1969<\/td><td>H<\/td><td>Fribourg<\/td><td>01:08:25.67<\/td><td>00:39:47.33<\/td><\/tr><tr><\/tr><tr><\/tr><tr><\/tr><tr><\/tr><tr><td>&nbsp; Scratch Marcheurs&nbsp;&nbsp;<\/td><\/tr><tr><td>1<\/td><td>916<\/td><td>Baechler Quentin<\/td><td>1996<\/td><td>MP<\/td><td>Ch\u00e9nens<\/td><td>00:40:45.38<\/td><\/tr><tr><td>2<\/td><td>918<\/td><td>JATON Claude<\/td><td>1807<\/td><td>MP<\/td><td>Blonay<\/td><td>00:42:03.53<\/td><td>00:01:18.15<\/td><\/tr><tr><td>3<\/td><td>914<\/td><td>ROHRBASSER Nicole<\/td><td>1983<\/td><td>MP<\/td><td>Riaz<\/td><td>00:47:39.97<\/td><td>00:06:54.59<\/td><\/tr><tr><td>4<\/td><td>902<\/td><td>BRANDENBERGER J\u00e9r\u00f4me<\/td><td>1980<\/td><td>MP<\/td><td>Arconciel<\/td><td>00:47:47.56<\/td><td>00:07:02.18<\/td><\/tr><tr><td>5<\/td><td>917<\/td><td>SOLDATI Romain<\/td><td>1996<\/td><td>MP<\/td><td>Ch\u00e9nens<\/td><td>00:48:01.63<\/td><td>00:07:16.25<\/td><\/tr><tr><td>6<\/td><td>907<\/td><td>GILLARD MAGNIN Corinne<\/td><td>1970<\/td><td>MP<\/td><td>Grolley<\/td><td>00:49:34.13<\/td><td>00:08:48.75<\/td><\/tr><tr><td>7<\/td><td>909<\/td><td>JUTZET Sylvie<\/td><td>1974<\/td><td>MP<\/td><td>Ferpicloz<\/td><td>00:51:10.81<\/td><td>00:10:25.43<\/td><\/tr><tr><td>8<\/td><td>908<\/td><td>GREMAUD Steve<\/td><td>1989<\/td><td>MP<\/td><td>Mont\u00e9vraz<\/td><td>00:54:38.96<\/td><td>00:13:53.58<\/td><\/tr><tr><td>8<\/td><td>901<\/td><td>BOILLAT C\u00e9line<\/td><td>1988<\/td><td>MP<\/td><td>Mont\u00e9vraz<\/td><td>00:54:38.96<\/td><td>00:13:53.58<\/td><\/tr><tr><td>10<\/td><td>904<\/td><td>CL\u00c9MENT-VONWIL Luzia<\/td><td>1963<\/td><td>MP<\/td><td>Le Mouret<\/td><td>00:59:41.25<\/td><td>00:18:55.87<\/td><\/tr><tr><td>10<\/td><td>903<\/td><td>BURGY Isabelle<\/td><td>1965<\/td><td>MP<\/td><td>Autavaux<\/td><td>00:59:41.25<\/td><td>00:18:55.87<\/td><\/tr><tr><td>12<\/td><td>912<\/td><td>PRAHIN CAJEUX Sylvie<\/td><td>1960<\/td><td>MP<\/td><td>Ependes<\/td><td>01:03:04.93<\/td><td>00:22:19.55<\/td><\/tr><tr><td>13<\/td><td>911<\/td><td>MARGUERON Marie-Lou<\/td><td>1962<\/td><td>MP<\/td><td>Oberried<\/td><td>01:03:21.70<\/td><td>00:22:36.32<\/td><\/tr><tr><td>14<\/td><td>910<\/td><td>MARGUERON Bertrand<\/td><td>1963<\/td><td>MP<\/td><td>Oberried<\/td><td>01:05:04.48<\/td><td>00:24:19.10<\/td><\/tr><tr><td>15<\/td><td>906<\/td><td>GILLARD Laurence<\/td><td>1969<\/td><td>MP<\/td><td>Le Mouret<\/td><td>01:20:12.13<\/td><td>00:39:26.75<\/td><\/tr><tr><td>15<\/td><td>900<\/td><td>ANDREY Laurence<\/td><td>1967<\/td><td>MP<\/td><td>Ependes<\/td><td>01:20:12.13<\/td><td>00:39:26.75<\/td><\/tr><tr><td>17<\/td><td>915<\/td><td>SCHUWEY C\u00e9dric<\/td><td>1996<\/td><td>MP<\/td><td>Le Mouret<\/td><td>01:42:00.25<\/td><td>01:01:14.87<\/td><\/tr><tr><td>18<\/td><td>905<\/td><td>GILGEN Lisa<\/td><td>1993<\/td><td>MP<\/td><td>Riaz<\/td><td>02:17:07.24<\/td><td>01:36:21.86<\/td><\/tr><tr><td>19<\/td><td>913<\/td><td>RICHARD Sylvie<\/td><td>1959<\/td><td>MP<\/td><td>Le Mouret<\/td><td>02:17:17.46<\/td><td>01:36:32.08<\/td><\/tr><\/tbody><\/table>\n","protected":false},"excerpt":{"rendered":"<p>&nbsp; Dames Juniors (1998 \u00e0 2004)&nbsp;&nbsp; 1 434 OVERNEY No\u00e9mie 2000 DJ Charmey 00:37:59.03 2 409 REMY C\u00e9line 2002 DJ Charmey 00:47:03.38 00:09:04.35 &nbsp; Dames (d\u00e8s 1997)&nbsp;&nbsp; 1 445 PHILIPP Nathalie 1992 D Gen\u00e8ve 00:34:39.28 2 383 FATTON Marianne 1995 D Dombresson 00:36:31.36 00:01:52.08 3 427 BAUDOIS Laure 1988 D Charmey 00:38:00.83 00:03:21.55 4 444 &hellip; <\/p>\n<p class=\"link-more\"><a href=\"https:\/\/www.cousimbertical.ch\/?page_id=93\" class=\"more-link\">Continue reading<span class=\"screen-reader-text\"> &#8220;r\u00e9sultats 2018&#8221;<\/span><\/a><\/p>\n","protected":false},"author":2,"featured_media":0,"parent":0,"menu_order":0,"comment_status":"closed","ping_status":"closed","template":"","meta":{"ngg_post_thumbnail":0,"footnotes":""},"class_list":["post-93","page","type-page","status-publish","hentry"],"_links":{"self":[{"href":"https:\/\/www.cousimbertical.ch\/index.php?rest_route=\/wp\/v2\/pages\/93","targetHints":{"allow":["GET"]}}],"collection":[{"href":"https:\/\/www.cousimbertical.ch\/index.php?rest_route=\/wp\/v2\/pages"}],"about":[{"href":"https:\/\/www.cousimbertical.ch\/index.php?rest_route=\/wp\/v2\/types\/page"}],"author":[{"embeddable":true,"href":"https:\/\/www.cousimbertical.ch\/index.php?rest_route=\/wp\/v2\/users\/2"}],"replies":[{"embeddable":true,"href":"https:\/\/www.cousimbertical.ch\/index.php?rest_route=%2Fwp%2Fv2%2Fcomments&post=93"}],"version-history":[{"count":2,"href":"https:\/\/www.cousimbertical.ch\/index.php?rest_route=\/wp\/v2\/pages\/93\/revisions"}],"predecessor-version":[{"id":151,"href":"https:\/\/www.cousimbertical.ch\/index.php?rest_route=\/wp\/v2\/pages\/93\/revisions\/151"}],"wp:attachment":[{"href":"https:\/\/www.cousimbertical.ch\/index.php?rest_route=%2Fwp%2Fv2%2Fmedia&parent=93"}],"curies":[{"name":"wp","href":"https:\/\/api.w.org\/{rel}","templated":true}]}}